{"id":109239,"date":"2024-11-08T16:24:59","date_gmt":"2024-11-08T15:24:59","guid":{"rendered":"https:\/\/secureus.se\/lashus-4570-vanster-krom\/"},"modified":"2026-04-08T15:31:02","modified_gmt":"2026-04-08T13:31:02","slug":"lashus-4570-vanster-krom","status":"publish","type":"product","link":"https:\/\/secureus.se\/fi\/lashus-4570-vanster-krom\/","title":{"rendered":"Lukkokotelo 4570 Vasen Chrome"},"content":{"rendered":"<p>\nABLOY 4570 on sylinterille tarkoitettu pudotuslukko. Saatavana sek\u00e4 oikea- ett\u00e4 vasenversiona. Lukossa on automaattinen lukitus, jota ohjataan tolpan painikkeella. Toimitetaan vakiona kromatulla lukkokotelolla ja sovitettu soikealle lukkosylinterille tyyppi 1201 tai 1301.<\/p>\n<div><\/div>\n<div><b>Ominaisuudet:<\/b><\/div>\n<div>\n<div>\n<ul>\n<li>Vasemmalle saranoidulle ovelle<\/li>\n<li>Karan syvyys: 45 mm<\/li>\n<li>Lukkotolpan mitat: 22\u00d7150 mm<\/li>\n<li>Pylv\u00e4\u00e4n painike voidaan asettaa kahteen asentoon<\/li>\n<li>Ei palautuva<\/li>\n<li>Mukautettu skandinaaviseen soikeaan lukkosylinteriin.<\/li>\n<li>Mukana sylinteri, sylinterirengas ja nuppisarja.<\/li>\n<\/ul>\n<\/div>\n<div><b>Teht\u00e4v\u00e4:<\/b><\/div>\n<\/div>\n<div>\n<ul>\n<li>Painikkeen asento: YL\u00d6S = Lukitus, laske m\u00e4nt\u00e4 ulos 20 mm, lukko voidaan avata vain avaimella tai nupilla.<\/li>\n<li>Napin asento: ALAS = Pudotusm\u00e4nt\u00e4 ulos 14 mm, lukko voidaan avata my\u00f6s painamalla.<\/li>\n<\/ul>\n<\/div>","protected":false},"excerpt":{"rendered":"<p>ABLOY 4570 on sylintereille tarkoitettu kotelolukko. Saatavana sek\u00e4 oikea- ett\u00e4 vasenk\u00e4tisen\u00e4 versiona. Lukossa on automaattinen lukitus, jota ohjataan tolpan painikkeella. Toimitetaan vakiona lukkokotelolla<\/p>","protected":false},"featured_media":135056,"template":"","meta":{"_acf_changed":false},"product_brand":[],"product_cat":[2969],"product_tag":[4190,4099],"class_list":{"0":"post-109239","1":"product","2":"type-product","3":"status-publish","4":"has-post-thumbnail","6":"product_cat-innerdorrlas","7":"product_tag-dorndjup-45mm","8":"product_tag-vanster","9":"pa_brands-abloy","10":"tm-no-options","12":"first","13":"outofstock","14":"sale","15":"taxable","16":"shipping-taxable","17":"purchasable","18":"product-type-simple"},"acf":[],"_links":{"self":[{"href":"https:\/\/secureus.se\/fi\/wp-json\/wp\/v2\/product\/109239","targetHints":{"allow":["GET"]}}],"collection":[{"href":"https:\/\/secureus.se\/fi\/wp-json\/wp\/v2\/product"}],"about":[{"href":"https:\/\/secureus.se\/fi\/wp-json\/wp\/v2\/types\/product"}],"wp:featuredmedia":[{"embeddable":true,"href":"https:\/\/secureus.se\/fi\/wp-json\/wp\/v2\/media\/135056"}],"wp:attachment":[{"href":"https:\/\/secureus.se\/fi\/wp-json\/wp\/v2\/media?parent=109239"}],"wp:term":[{"taxonomy":"product_brand","embeddable":true,"href":"https:\/\/secureus.se\/fi\/wp-json\/wp\/v2\/product_brand?post=109239"},{"taxonomy":"product_cat","embeddable":true,"href":"https:\/\/secureus.se\/fi\/wp-json\/wp\/v2\/product_cat?post=109239"},{"taxonomy":"product_tag","embeddable":true,"href":"https:\/\/secureus.se\/fi\/wp-json\/wp\/v2\/product_tag?post=109239"}],"curies":[{"name":"wp","href":"https:\/\/api.w.org\/{rel}","templated":true}]}}