{"id":109254,"date":"2024-11-08T16:25:00","date_gmt":"2024-11-08T15:25:00","guid":{"rendered":"https:\/\/secureus.se\/lashus-polaris-2xt-50-wc-6mm-mattkrom\/"},"modified":"2026-04-08T15:30:33","modified_gmt":"2026-04-08T13:30:33","slug":"lashus-polaris-2xt-50-wc-6mm-mattkrom","status":"publish","type":"product","link":"https:\/\/secureus.se\/fi\/lashus-polaris-2xt-50-wc-6mm-mattkrom\/","title":{"rendered":"Lukkokotelo Polaris 2XT-50 WC 6mm Matta kromi"},"content":{"rendered":"<p>\nMagneettinen viivalukko sopii erityisen hyvin moderneihin wc-sis\u00e4oviin ohuen muotoilun ansiosta. Polaris 2XT:lle on ominaista poikkeuksellisen hiljainen sulkeutuminen ja lukon rungon ja p\u00e4\u00e4tylevyn v\u00e4lisen mekaanisen yhteyden tarkkuus, mik\u00e4 antaa miellytt\u00e4v\u00e4n tunteen kahvassa ja avaimen liikkeess\u00e4.<\/p>\n<p><b>Ominaisuudet:<\/b><br \/>\n<\/p>\n<ul>\n<li>Magneettinen lukitus<\/li>\n<li>50 karaa<\/li>\n<li>6 mm:n neli\u00f6m\u00e4inen reik\u00e4 wc-tarvikkeille<\/li>\n<li>Hiljainen sulkeminen<\/li>\n<li>Lukkotolpan mitat: 18\u00d7196 mm<\/li>\n<li>Puristussoutujille 8 mm<\/li>\n<li>Soutulaitteen et\u00e4isyys keskimm\u00e4iseen wc-soittimeen 96 mm<\/li>\n<li>Lukkotolppaa on saatavana usealla pintak\u00e4sittelyll\u00e4<\/li>\n<\/ul>","protected":false},"excerpt":{"rendered":"<p>Magneettinen viivalukko sopii erityisen hyvin moderneihin wc-sis\u00e4oviin ohuen muotoilun ansiosta. Polaris 2XT:lle on ominaista poikkeuksellisen hiljainen sulkeutuminen ja lukon rungon ja p\u00e4\u00e4tylevyn v\u00e4lisen mekaanisen yhteyden tarkkuus<\/p>","protected":false},"featured_media":135031,"template":"","meta":{"_acf_changed":false},"product_brand":[],"product_cat":[2969],"product_tag":[4187,4102,4188,4189,4099],"class_list":{"0":"post-109254","1":"product","2":"type-product","3":"status-publish","4":"has-post-thumbnail","6":"product_cat-innerdorrlas","7":"product_tag-dorndjup-50mm","8":"product_tag-hoger","9":"product_tag-lasstolpe-18x196-mm","10":"product_tag-slutbleck-ingar-inte","11":"product_tag-vanster","12":"pa_brands-agb","13":"tm-no-options","15":"first","16":"instock","17":"sale","18":"taxable","19":"shipping-taxable","20":"purchasable","21":"product-type-simple"},"acf":[],"_links":{"self":[{"href":"https:\/\/secureus.se\/fi\/wp-json\/wp\/v2\/product\/109254","targetHints":{"allow":["GET"]}}],"collection":[{"href":"https:\/\/secureus.se\/fi\/wp-json\/wp\/v2\/product"}],"about":[{"href":"https:\/\/secureus.se\/fi\/wp-json\/wp\/v2\/types\/product"}],"wp:featuredmedia":[{"embeddable":true,"href":"https:\/\/secureus.se\/fi\/wp-json\/wp\/v2\/media\/135031"}],"wp:attachment":[{"href":"https:\/\/secureus.se\/fi\/wp-json\/wp\/v2\/media?parent=109254"}],"wp:term":[{"taxonomy":"product_brand","embeddable":true,"href":"https:\/\/secureus.se\/fi\/wp-json\/wp\/v2\/product_brand?post=109254"},{"taxonomy":"product_cat","embeddable":true,"href":"https:\/\/secureus.se\/fi\/wp-json\/wp\/v2\/product_cat?post=109254"},{"taxonomy":"product_tag","embeddable":true,"href":"https:\/\/secureus.se\/fi\/wp-json\/wp\/v2\/product_tag?post=109254"}],"curies":[{"name":"wp","href":"https:\/\/api.w.org\/{rel}","templated":true}]}}