{"id":109261,"date":"2024-11-08T16:25:00","date_gmt":"2024-11-08T15:25:00","guid":{"rendered":"https:\/\/secureus.se\/lashus-4249-ej-nyckel-galv\/"},"modified":"2026-04-08T15:30:12","modified_gmt":"2026-04-08T13:30:12","slug":"lashus-4249-ej-nyckel-galv","status":"publish","type":"product","link":"https:\/\/secureus.se\/fi\/lashus-4249-ej-nyckel-galv\/","title":{"rendered":"Lukkokotelo 4249 Ei avainta Galv"},"content":{"rendered":"<p>\nL\u00e5shus 4249 on koukkulukko kevyisiin liukuoviin ja haitarioviin toimisto- ja asuinsektorilla uudisrakentamisessa ja vaihtomarkkinoilla. Toimitetaan ilman avainta.<\/p>\n<div><\/div>\n<div><b>Ominaisuudet:<\/b><\/p>\n<ul>\n<li>Karan syvyys: 45 mm<\/li>\n<li>Lukkotolpan mitat: 20\u00d7150 mm<\/li>\n<li>Leikkauksen mitat ruotsalaisen standardin SS 81 73 82 mukaan<\/li>\n<li>Voidaan lukita avaimella tai wc-nupilla ja paniikkiavaimella\/ruuvimeisselill\u00e4<\/li>\n<li>Sopii sek\u00e4 oikealle ett\u00e4 vasemmalle ripustetuille oville<\/li>\n<li>Sopii mm. WC-tarvikkeisiin LH0341<\/li>\n<\/ul>\n<\/div>\n<div><b>Teht\u00e4v\u00e4:<\/b><\/p>\n<ul>\n<li>ABLOY 4249:\u00e4\u00e4 ohjataan avaimella sis\u00e4lt\u00e4 ja ulkoa, vaihtoehtoisesti nupilla sis\u00e4lt\u00e4 ja h\u00e4t\u00e4avaimella tai ruuvimeisselill\u00e4 ulkopuolelta.<\/li>\n<\/ul>\n<\/div>","protected":false},"excerpt":{"rendered":"<p>L\u00e5shus 4249 on koukkulukko kevyisiin liukuoviin ja haitarioviin toimisto- ja asuinsektorilla uudisrakentamisessa ja vaihtomarkkinoilla. Toimitetaan ilman avainta. Ominaisuudet: Karan syvyys: 45 mm Lukituspylv\u00e4\u00e4n mitat: 20\u00d7150 mm Syvennyksen mitat<\/p>","protected":false},"featured_media":135197,"template":"","meta":{"_acf_changed":false},"product_brand":[],"product_cat":[2969],"product_tag":[4190,4102,4191,4189,4099],"class_list":{"0":"post-109261","1":"product","2":"type-product","3":"status-publish","4":"has-post-thumbnail","6":"product_cat-innerdorrlas","7":"product_tag-dorndjup-45mm","8":"product_tag-hoger","9":"product_tag-lasstolpe-20x150mm","10":"product_tag-slutbleck-ingar-inte","11":"product_tag-vanster","12":"pa_brands-abloy","13":"tm-no-options","15":"first","16":"instock","17":"sale","18":"taxable","19":"shipping-taxable","20":"purchasable","21":"product-type-simple"},"acf":[],"_links":{"self":[{"href":"https:\/\/secureus.se\/fi\/wp-json\/wp\/v2\/product\/109261","targetHints":{"allow":["GET"]}}],"collection":[{"href":"https:\/\/secureus.se\/fi\/wp-json\/wp\/v2\/product"}],"about":[{"href":"https:\/\/secureus.se\/fi\/wp-json\/wp\/v2\/types\/product"}],"wp:featuredmedia":[{"embeddable":true,"href":"https:\/\/secureus.se\/fi\/wp-json\/wp\/v2\/media\/135197"}],"wp:attachment":[{"href":"https:\/\/secureus.se\/fi\/wp-json\/wp\/v2\/media?parent=109261"}],"wp:term":[{"taxonomy":"product_brand","embeddable":true,"href":"https:\/\/secureus.se\/fi\/wp-json\/wp\/v2\/product_brand?post=109261"},{"taxonomy":"product_cat","embeddable":true,"href":"https:\/\/secureus.se\/fi\/wp-json\/wp\/v2\/product_cat?post=109261"},{"taxonomy":"product_tag","embeddable":true,"href":"https:\/\/secureus.se\/fi\/wp-json\/wp\/v2\/product_tag?post=109261"}],"curies":[{"name":"wp","href":"https:\/\/api.w.org\/{rel}","templated":true}]}}