{"id":109285,"date":"2024-11-08T16:25:01","date_gmt":"2024-11-08T15:25:01","guid":{"rendered":"https:\/\/secureus.se\/lashus-40t-45-z-vanster-med-slutbleck\/"},"modified":"2026-04-08T15:29:38","modified_gmt":"2026-04-08T13:29:38","slug":"lashus-40t-45-z-vanster-med-slutbleck","status":"publish","type":"product","link":"https:\/\/secureus.se\/fi\/lashus-40t-45-z-vanster-med-slutbleck\/","title":{"rendered":"Lukkokotelo 40T-45 Z Vasen p\u00e4\u00e4tylevyll\u00e4"},"content":{"rendered":"<p>\nASSA ABLOY 40T on sis\u00e4ovien wc-lukko, ensisijaisesti vaihtomarkkinoille. Leikkauksen mitat vanhemman leikkausstandardin mukaan. Mukana p\u00e4\u00e4tylevy ja ruuvi.<\/p>\n<div><b>Ominaisuudet:<\/b><\/div>\n<div>\n<ul>\n<li>Karan syvyys: 45 mm<\/li>\n<li>Lukon syvyys: 74 mm<\/li>\n<li>Lukkokotelo galvanoitua ter\u00e4st\u00e4<\/li>\n<li>Saatavana sek\u00e4 oikea- ett\u00e4 vasenversiona<\/li>\n<\/ul>\n<\/div>","protected":false},"excerpt":{"rendered":"<p>ASSA ABLOY 40T on sis\u00e4ovien wc-lukko, ensisijaisesti vaihtomarkkinoille. Leikkauksen mitat vanhemman leikkausstandardin mukaan. Mukana p\u00e4\u00e4tylevy ja ruuvi. Ominaisuudet: Karan syvyys: 45 mm Lukitussyvyys: 74 mm Sinkitty lukkokotelo<\/p>","protected":false},"featured_media":134865,"template":"","meta":{"_acf_changed":false},"product_brand":[],"product_cat":[2969],"product_tag":[4190,4195,4192,4099],"class_list":{"0":"post-109285","1":"product","2":"type-product","3":"status-publish","4":"has-post-thumbnail","6":"product_cat-innerdorrlas","7":"product_tag-dorndjup-45mm","8":"product_tag-lasstolpe-22x205mm","9":"product_tag-slutbleck-ingar","10":"product_tag-vanster","11":"pa_brands-abloy","12":"tm-no-options","14":"first","15":"instock","16":"sale","17":"taxable","18":"shipping-taxable","19":"purchasable","20":"product-type-simple"},"acf":[],"_links":{"self":[{"href":"https:\/\/secureus.se\/fi\/wp-json\/wp\/v2\/product\/109285","targetHints":{"allow":["GET"]}}],"collection":[{"href":"https:\/\/secureus.se\/fi\/wp-json\/wp\/v2\/product"}],"about":[{"href":"https:\/\/secureus.se\/fi\/wp-json\/wp\/v2\/types\/product"}],"wp:featuredmedia":[{"embeddable":true,"href":"https:\/\/secureus.se\/fi\/wp-json\/wp\/v2\/media\/134865"}],"wp:attachment":[{"href":"https:\/\/secureus.se\/fi\/wp-json\/wp\/v2\/media?parent=109285"}],"wp:term":[{"taxonomy":"product_brand","embeddable":true,"href":"https:\/\/secureus.se\/fi\/wp-json\/wp\/v2\/product_brand?post=109285"},{"taxonomy":"product_cat","embeddable":true,"href":"https:\/\/secureus.se\/fi\/wp-json\/wp\/v2\/product_cat?post=109285"},{"taxonomy":"product_tag","embeddable":true,"href":"https:\/\/secureus.se\/fi\/wp-json\/wp\/v2\/product_tag?post=109285"}],"curies":[{"name":"wp","href":"https:\/\/api.w.org\/{rel}","templated":true}]}}