{"id":109289,"date":"2024-11-08T16:25:01","date_gmt":"2024-11-08T15:25:01","guid":{"rendered":"https:\/\/secureus.se\/lashus-9456-vanster-krom\/"},"modified":"2026-04-08T15:29:34","modified_gmt":"2026-04-08T13:29:34","slug":"lashus-9456-vanster-krom","status":"publish","type":"product","link":"https:\/\/secureus.se\/fi\/lashus-9456-vanster-krom\/","title":{"rendered":"Lukkokotelo 9456 Vasen Chrome"},"content":{"rendered":"<p>\nABLOY 9456 on pudotuslukko sis\u00e4oviin, joka on yhdistetty vakiosylinterityyppiseen ASSA ABLOY 1201 tai 1301.<\/p>\n<div><b>Ominaisuudet:<\/b><\/p>\n<ul>\n<li>Vasemmalle saranoidulle ovelle<\/li>\n<li>Karan syvyys: 45 mm<\/li>\n<li>Lukkotolpan mitat: 20\u00d7150 mm<\/li>\n<li>Ei palautuva<\/li>\n<li>Mukautettu skandinaaviseen sylinteriin.<\/li>\n<li>Toimii avaimella ulkopuolelta ja avaimella tai nupilla sis\u00e4lt\u00e4.<\/li>\n<\/ul>\n<\/div>\n<div><b>Teht\u00e4v\u00e4:<\/b><\/p>\n<ul>\n<li>Kun k\u00e4\u00e4nn\u00e4t avainta tai nuppia, pudotusm\u00e4nt\u00e4 ty\u00f6ntyy ulos ja lukittuu 20 mm:iin.<\/li>\n<li>Lukko avataan k\u00e4\u00e4nt\u00e4m\u00e4ll\u00e4 avainta tai nuppia vastakkaiseen suuntaan.<\/li>\n<li>Pudotusm\u00e4nt\u00e4 lukitaan sitten asentoon 14 mm p\u00e4iv\u00e4k\u00e4ytt\u00f6\u00e4 varten ja painetoiminto aktivoituu.\u00a0<\/li>\n<\/ul>\n<\/div>","protected":false},"excerpt":{"rendered":"<p>ABLOY 9456 on pudotuslukko sis\u00e4oviin, joka yhdistet\u00e4\u00e4n vakiosylinterityyppiin ASSA ABLOY 1201 tai 1301. Ominaisuudet: Vasemmalle ripustetuille oville Karan syvyys: 45 mm Lukituspylv\u00e4\u00e4n mitat: 20\u00d7150 mm Ei k\u00e4\u00e4nnett\u00e4v\u00e4<\/p>","protected":false},"featured_media":134857,"template":"","meta":{"_acf_changed":false},"product_brand":[],"product_cat":[2969],"product_tag":[4190,4191,4099],"class_list":{"0":"post-109289","1":"product","2":"type-product","3":"status-publish","4":"has-post-thumbnail","6":"product_cat-innerdorrlas","7":"product_tag-dorndjup-45mm","8":"product_tag-lasstolpe-20x150mm","9":"product_tag-vanster","10":"pa_brands-abloy","11":"tm-no-options","13":"first","14":"instock","15":"sale","16":"taxable","17":"shipping-taxable","18":"purchasable","19":"product-type-simple"},"acf":[],"_links":{"self":[{"href":"https:\/\/secureus.se\/fi\/wp-json\/wp\/v2\/product\/109289","targetHints":{"allow":["GET"]}}],"collection":[{"href":"https:\/\/secureus.se\/fi\/wp-json\/wp\/v2\/product"}],"about":[{"href":"https:\/\/secureus.se\/fi\/wp-json\/wp\/v2\/types\/product"}],"wp:featuredmedia":[{"embeddable":true,"href":"https:\/\/secureus.se\/fi\/wp-json\/wp\/v2\/media\/134857"}],"wp:attachment":[{"href":"https:\/\/secureus.se\/fi\/wp-json\/wp\/v2\/media?parent=109289"}],"wp:term":[{"taxonomy":"product_brand","embeddable":true,"href":"https:\/\/secureus.se\/fi\/wp-json\/wp\/v2\/product_brand?post=109289"},{"taxonomy":"product_cat","embeddable":true,"href":"https:\/\/secureus.se\/fi\/wp-json\/wp\/v2\/product_cat?post=109289"},{"taxonomy":"product_tag","embeddable":true,"href":"https:\/\/secureus.se\/fi\/wp-json\/wp\/v2\/product_tag?post=109289"}],"curies":[{"name":"wp","href":"https:\/\/api.w.org\/{rel}","templated":true}]}}