{"id":109295,"date":"2024-11-08T16:25:02","date_gmt":"2024-11-08T15:25:02","guid":{"rendered":"https:\/\/secureus.se\/lashus-40c-45-z-vanster-med-slutbleck-2nycklar\/"},"modified":"2026-04-23T11:58:07","modified_gmt":"2026-04-23T09:58:07","slug":"lashus-40c-45-z-vanster-med-slutbleck-2nycklar","status":"publish","type":"product","link":"https:\/\/secureus.se\/fi\/lashus-40c-45-z-vanster-med-slutbleck-2nycklar\/","title":{"rendered":"Lukkokotelo 40C-45 Z Vasen p\u00e4\u00e4tylevyll\u00e4 2 avainta"},"content":{"rendered":"<p>\nASSA ABLOY 40C on 3-pulttinen lukko, joka on tarkoitettu sis\u00e4oviin pintakorvausmarkkinoilla. Leikkauksen mitat vanhemman leikkausstandardin mukaan. Mukana p\u00e4\u00e4tylevy ja 2 kpl. avaimet.<\/p>\n<div><\/div>\n<div><b>Ominaisuudet:<\/b><\/div>\n<div>\n<ul>\n<li>Lukon syvyys: 74 mm.<\/li>\n<li>Avaimenrei\u00e4n et\u00e4isyys: 45 mm (karan syvyys)<\/li>\n<li>Saatavana 44 kpl. erilaisia n\u00e4pp\u00e4inyhdistelmi\u00e4<\/li>\n<li>Lukkokotelo galvanoitua ter\u00e4st\u00e4<\/li>\n<li>Saatavana sek\u00e4 oikea- ett\u00e4 vasenversiona.<\/li>\n<\/ul>\n<\/div>","protected":false},"excerpt":{"rendered":"<p>ASSA ABLOY 40C on 3-pulttinen lukko, joka on tarkoitettu sis\u00e4oviin pintakorvausmarkkinoilla. Leikkauksen mitat vanhemman leikkausstandardin mukaan. Mukana p\u00e4\u00e4tylevy ja 2 kpl. avaimet. Ominaisuudet: Lukon syvyys: 74 mm. Avaimenrei\u00e4n et\u00e4isyys: 45 mm<\/p>","protected":false},"featured_media":134844,"template":"","meta":{"_acf_changed":false},"product_brand":[],"product_cat":[2969],"product_tag":[4190,4195,4192,4099],"class_list":{"0":"post-109295","1":"product","2":"type-product","3":"status-publish","4":"has-post-thumbnail","6":"product_cat-innerdorrlas","7":"product_tag-dorndjup-45mm","8":"product_tag-lasstolpe-22x205mm","9":"product_tag-slutbleck-ingar","10":"product_tag-vanster","11":"pa_brands-abloy","12":"tm-no-options","14":"first","15":"instock","16":"sale","17":"taxable","18":"shipping-taxable","19":"purchasable","20":"product-type-simple"},"acf":[],"_links":{"self":[{"href":"https:\/\/secureus.se\/fi\/wp-json\/wp\/v2\/product\/109295","targetHints":{"allow":["GET"]}}],"collection":[{"href":"https:\/\/secureus.se\/fi\/wp-json\/wp\/v2\/product"}],"about":[{"href":"https:\/\/secureus.se\/fi\/wp-json\/wp\/v2\/types\/product"}],"wp:featuredmedia":[{"embeddable":true,"href":"https:\/\/secureus.se\/fi\/wp-json\/wp\/v2\/media\/134844"}],"wp:attachment":[{"href":"https:\/\/secureus.se\/fi\/wp-json\/wp\/v2\/media?parent=109295"}],"wp:term":[{"taxonomy":"product_brand","embeddable":true,"href":"https:\/\/secureus.se\/fi\/wp-json\/wp\/v2\/product_brand?post=109295"},{"taxonomy":"product_cat","embeddable":true,"href":"https:\/\/secureus.se\/fi\/wp-json\/wp\/v2\/product_cat?post=109295"},{"taxonomy":"product_tag","embeddable":true,"href":"https:\/\/secureus.se\/fi\/wp-json\/wp\/v2\/product_tag?post=109295"}],"curies":[{"name":"wp","href":"https:\/\/api.w.org\/{rel}","templated":true}]}}