{"id":109298,"date":"2024-11-08T16:25:02","date_gmt":"2024-11-08T15:25:02","guid":{"rendered":"https:\/\/secureus.se\/lashus-2020-med-slutbleck-gul-epoxy\/"},"modified":"2026-04-23T11:58:20","modified_gmt":"2026-04-23T09:58:20","slug":"lashus-2020-med-slutbleck-gul-epoxy","status":"publish","type":"product","link":"https:\/\/secureus.se\/fi\/lashus-2020-med-slutbleck-gul-epoxy\/","title":{"rendered":"Lukkotalo 2020 Slutbleckin keltaisella epoksilla"},"content":{"rendered":"<p>\nABLOY 2020 on pudotuslukko sis\u00e4oviin sek\u00e4 omakoti- ja toimistotilojen kylpyhuone- ja wc-oviin. K\u00e4ytet\u00e4\u00e4n enimm\u00e4kseen valuuttamarkkinoilla.<\/p>\n<div><\/div>\n<div><b>Ominaisuudet: <\/b><\/p>\n<ul>\n<li>Karan syvyys: 45 mm<\/li>\n<li>Lukituspylv\u00e4\u00e4n mitat: 20\u00d7150 mm<\/li>\n<li>Voidaan lukita avaimella tai wc-nupilla ja paniikkiavaimella\/ruuvimeisselill\u00e4.<\/li>\n<li>Sopii sek\u00e4 oikealle ett\u00e4 vasemmalle ripustetuille oville.<\/li>\n<li>Voidaan k\u00e4ytt\u00e4\u00e4 8 tai 9 mm:n ty\u00f6nt\u00f6tapeilla varustettuja kahvoja.<\/li>\n<li>K\u00e4\u00e4nnett\u00e4v\u00e4 oikea\/vasen.<\/li>\n<li>Yleist\u00e4 50-80-luvuilla.<\/li>\n<li>Korvaa FAS\/ASSA 404 ja 404T.<\/li>\n<\/ul>\n<p><b>Paketti sis\u00e4lt\u00e4\u00e4<\/b><\/p>\n<ul>\n<li>1 kpl Lukitse talo.<\/li>\n<li>1 kpl Loppuhuomautus.<\/li>\n<li>1 kpl Avain.<\/li>\n<li>4 ruuvia.<\/li>\n<\/ul>\n<\/div>\n<div><\/div>\n<div><\/div>","protected":false},"excerpt":{"rendered":"<p>ABLOY 2020 on pudotuslukko sis\u00e4oviin sek\u00e4 omakoti- ja toimistotilojen kylpyhuone- ja wc-oviin. K\u00e4ytet\u00e4\u00e4n enimm\u00e4kseen valuuttamarkkinoilla. Ominaisuudet: Karan syvyys: 45 mm Lukituspylv\u00e4\u00e4n mitat: 20\u00d7150 mm Lukot avaimella<\/p>","protected":false},"featured_media":134848,"template":"","meta":{"_acf_changed":false},"product_brand":[],"product_cat":[2969],"product_tag":[4190,4102,4191,4192,4099],"class_list":{"0":"post-109298","1":"product","2":"type-product","3":"status-publish","4":"has-post-thumbnail","6":"product_cat-innerdorrlas","7":"product_tag-dorndjup-45mm","8":"product_tag-hoger","9":"product_tag-lasstolpe-20x150mm","10":"product_tag-slutbleck-ingar","11":"product_tag-vanster","12":"product_shipping_class-tunga-paket","13":"pa_brands-abloy","14":"tm-no-options","16":"first","17":"instock","18":"sale","19":"taxable","20":"shipping-taxable","21":"purchasable","22":"product-type-simple"},"acf":[],"_links":{"self":[{"href":"https:\/\/secureus.se\/fi\/wp-json\/wp\/v2\/product\/109298","targetHints":{"allow":["GET"]}}],"collection":[{"href":"https:\/\/secureus.se\/fi\/wp-json\/wp\/v2\/product"}],"about":[{"href":"https:\/\/secureus.se\/fi\/wp-json\/wp\/v2\/types\/product"}],"wp:featuredmedia":[{"embeddable":true,"href":"https:\/\/secureus.se\/fi\/wp-json\/wp\/v2\/media\/134848"}],"wp:attachment":[{"href":"https:\/\/secureus.se\/fi\/wp-json\/wp\/v2\/media?parent=109298"}],"wp:term":[{"taxonomy":"product_brand","embeddable":true,"href":"https:\/\/secureus.se\/fi\/wp-json\/wp\/v2\/product_brand?post=109298"},{"taxonomy":"product_cat","embeddable":true,"href":"https:\/\/secureus.se\/fi\/wp-json\/wp\/v2\/product_cat?post=109298"},{"taxonomy":"product_tag","embeddable":true,"href":"https:\/\/secureus.se\/fi\/wp-json\/wp\/v2\/product_tag?post=109298"}],"curies":[{"name":"wp","href":"https:\/\/api.w.org\/{rel}","templated":true}]}}