{"id":114186,"date":"2024-11-13T11:13:07","date_gmt":"2024-11-13T10:13:07","guid":{"rendered":"https:\/\/secureus.se\/industrilas-cl105c-system-2-nycklar\/"},"modified":"2026-04-08T15:29:02","modified_gmt":"2026-04-08T13:29:02","slug":"industrilas-cl105c-system-2-nycklar","status":"publish","type":"product","link":"https:\/\/secureus.se\/fi\/industrilas-cl105c-system-2-nycklar\/","title":{"rendered":"Teollisuuslukko CL105C System 2 Avaimet"},"content":{"rendered":"<p>\nABLOY CL105C on teollisuuslukko kaappeihin, laatikoihin, laitekaappiin, myyntiautomaatteihin tai vastaaviin. Oven paksuudelle max 9,5 mm. Sylinterikotelo pintakarkaistua, kromattua ter\u00e4st\u00e4. Ensimm\u00e4inen lukituslevy on nikkelipinnoitettua pintakarkaistua ter\u00e4st\u00e4. P\u00e4\u00e4tyaluslevy, p\u00e4\u00e4tymutterin lukkoaluslevy ja sylinterikotelon mutteri galvanoitua ter\u00e4st\u00e4. S\u00e4\u00e4nt\u00f6 tilataan erikseen. T\u00e4ydellinen sylinteri kahdella avaimella.<\/p>\n<div><b>Ominaisuudet:<\/b><\/p>\n<ul>\n<li>Lukituslevyjen lukum\u00e4\u00e4r\u00e4: 9 kpl.<\/li>\n<li>S\u00e4\u00e4nn\u00f6n kiertokulma: 90, 180\u00b0. Avain voidaan poistaa vain lukitussa asennossa.<\/li>\n<li>Kokonaispituus: 33 mm<\/li>\n<li>Oven maksimipaksuus: 9,5 mm<\/li>\n<li>Viivan koko: 18,5 mm<\/li>\n<\/ul>\n<\/div>","protected":false},"excerpt":{"rendered":"<p>ABLOY CL105C on teollisuuslukko kaappeihin, laatikoihin, laitekaappiin, myyntiautomaatteihin tai vastaaviin. Oven paksuudelle max 9,5 mm. Sylinterikotelo pintakarkaistua, kromattua ter\u00e4st\u00e4. Ensimm\u00e4inen lukituslevy on nikkelipinnoitettu, pintakarkaistu<\/p>","protected":false},"featured_media":134823,"template":"","meta":{"_acf_changed":false},"product_brand":[],"product_cat":[4186],"product_tag":[],"class_list":{"0":"post-114186","1":"product","2":"type-product","3":"status-publish","4":"has-post-thumbnail","6":"product_cat-skaplas-industrilas","7":"pa_brands-abloy","8":"tm-no-options","10":"first","11":"onbackorder","12":"sale","13":"taxable","14":"shipping-taxable","15":"purchasable","16":"product-type-simple"},"acf":[],"_links":{"self":[{"href":"https:\/\/secureus.se\/fi\/wp-json\/wp\/v2\/product\/114186","targetHints":{"allow":["GET"]}}],"collection":[{"href":"https:\/\/secureus.se\/fi\/wp-json\/wp\/v2\/product"}],"about":[{"href":"https:\/\/secureus.se\/fi\/wp-json\/wp\/v2\/types\/product"}],"wp:featuredmedia":[{"embeddable":true,"href":"https:\/\/secureus.se\/fi\/wp-json\/wp\/v2\/media\/134823"}],"wp:attachment":[{"href":"https:\/\/secureus.se\/fi\/wp-json\/wp\/v2\/media?parent=114186"}],"wp:term":[{"taxonomy":"product_brand","embeddable":true,"href":"https:\/\/secureus.se\/fi\/wp-json\/wp\/v2\/product_brand?post=114186"},{"taxonomy":"product_cat","embeddable":true,"href":"https:\/\/secureus.se\/fi\/wp-json\/wp\/v2\/product_cat?post=114186"},{"taxonomy":"product_tag","embeddable":true,"href":"https:\/\/secureus.se\/fi\/wp-json\/wp\/v2\/product_tag?post=114186"}],"curies":[{"name":"wp","href":"https:\/\/api.w.org\/{rel}","templated":true}]}}