{"id":114236,"date":"2024-11-13T13:25:52","date_gmt":"2024-11-13T12:25:52","guid":{"rendered":"https:\/\/secureus.se\/?post_type=product&#038;p=114236"},"modified":"2026-04-08T16:30:07","modified_gmt":"2026-04-08T14:30:07","slug":"dekal-dold-branddet-78x17-mm","status":"publish","type":"product","link":"https:\/\/secureus.se\/fi\/dekal-dold-branddet-78x17-mm\/","title":{"rendered":"TARA PIILOTULI. 78x17mm"},"content":{"rendered":"","protected":false},"excerpt":{"rendered":"<p>Tarra &quot;HIDDEN FIRE DETECTOR&quot; on kooltaan vain 78\u00d717 mm ja sit\u00e4 k\u00e4ytet\u00e4\u00e4n merkitsem\u00e4\u00e4n alaslaskettuun kattoon piilotetun savuilmaisimen asennuskohta. Toimitetaan A4-arkilla, jossa on 39 tarraa.<\/p>","protected":false},"featured_media":134782,"template":"","meta":{"_acf_changed":false},"product_brand":[],"product_cat":[1559],"product_tag":[],"class_list":{"0":"post-114236","1":"product","2":"type-product","3":"status-publish","4":"has-post-thumbnail","6":"product_cat-anvisningsskyltar-brandskydd","7":"product_shipping_class-postnord-varubrev","8":"pa_brands-ateco","9":"tm-no-options","11":"first","12":"instock","13":"sale","14":"taxable","15":"shipping-taxable","16":"purchasable","17":"product-type-simple"},"acf":[],"_links":{"self":[{"href":"https:\/\/secureus.se\/fi\/wp-json\/wp\/v2\/product\/114236","targetHints":{"allow":["GET"]}}],"collection":[{"href":"https:\/\/secureus.se\/fi\/wp-json\/wp\/v2\/product"}],"about":[{"href":"https:\/\/secureus.se\/fi\/wp-json\/wp\/v2\/types\/product"}],"wp:featuredmedia":[{"embeddable":true,"href":"https:\/\/secureus.se\/fi\/wp-json\/wp\/v2\/media\/134782"}],"wp:attachment":[{"href":"https:\/\/secureus.se\/fi\/wp-json\/wp\/v2\/media?parent=114236"}],"wp:term":[{"taxonomy":"product_brand","embeddable":true,"href":"https:\/\/secureus.se\/fi\/wp-json\/wp\/v2\/product_brand?post=114236"},{"taxonomy":"product_cat","embeddable":true,"href":"https:\/\/secureus.se\/fi\/wp-json\/wp\/v2\/product_cat?post=114236"},{"taxonomy":"product_tag","embeddable":true,"href":"https:\/\/secureus.se\/fi\/wp-json\/wp\/v2\/product_tag?post=114236"}],"curies":[{"name":"wp","href":"https:\/\/api.w.org\/{rel}","templated":true}]}}