{"id":114541,"date":"2024-11-14T09:39:35","date_gmt":"2024-11-14T08:39:35","guid":{"rendered":"https:\/\/secureus.se\/?post_type=product&#038;p=114541"},"modified":"2026-04-23T13:30:39","modified_gmt":"2026-04-23T11:30:39","slug":"risco-vaggfaste-med-solcellsmodul-for-beyond-dt-detektorer","status":"publish","type":"product","link":"https:\/\/secureus.se\/fi\/risco-vaggfaste-med-solcellsmodul-for-beyond-dt-detektorer\/","title":{"rendered":"RISCO Sein\u00e4teline aurinkomoduulilla \u2013 Beyond DT -ilmaisimille"},"content":{"rendered":"<h1>RISCO Sein\u00e4teline aurinkomoduulilla \u2013 Beyond DT -ilmaisimille<\/h1>\n<p data-start=\"374\" data-end=\"942\">RISCO-sein\u00e4kiinnike aurinkopaneelilla tarjoaa ymp\u00e4rist\u00f6yst\u00e4v\u00e4llisen ja kustannustehokkaan ratkaisun Beyond DT- ja Beyond DT Cam -langattomien ilmaisimien akunkeston parantamiseen.<\/p>\n<p data-start=\"374\" data-end=\"942\">Aurinkoenergialla toimiva moduuli on varustettu 180 astetta k\u00e4\u00e4ntyv\u00e4ll\u00e4 jalustalla, jonka avulla paneelia on helppo s\u00e4\u00e4t\u00e4\u00e4 optimaalisen aurinkoenergian talteenoton saavuttamiseksi.<\/p>\n<p data-start=\"374\" data-end=\"942\">Integroitu, ladattava akku latautuu aurinkopaneelilla, ja sit\u00e4 k\u00e4ytet\u00e4\u00e4n t\u00e4ydent\u00e4m\u00e4\u00e4n ilmaisimen tavallisia paristoja, mik\u00e4 pident\u00e4\u00e4 paristojen k\u00e4ytt\u00f6ik\u00e4\u00e4 ja v\u00e4hent\u00e4\u00e4 tarvetta vaihtaa paristoja usein.<\/p>\n<p data-start=\"944\" data-end=\"1196\">T\u00e4m\u00e4 sein\u00e4kiinnike on helppo asentaa, ja se t\u00e4ydent\u00e4\u00e4 t\u00e4ydellisesti langattomia turvaratkaisuja, kuten Beyond DT ja Beyond DT Cam.<\/p>\n<p data-start=\"944\" data-end=\"1196\">Aurinkoenergialla toimiva moduuli tekee siit\u00e4 kest\u00e4v\u00e4mm\u00e4n ratkaisun ja pit\u00e4\u00e4 samalla kustannukset alhaisina.<\/p>\n<p data-start=\"1198\" data-end=\"1227\"><strong data-start=\"1198\" data-end=\"1227\">Tekniset tiedot:<\/strong><\/p>\n<ul data-start=\"1228\" data-end=\"1625\">\n<li data-start=\"1228\" data-end=\"1265\">\n<p data-start=\"1230\" data-end=\"1265\">Malli: Sein\u00e4kiinnike aurinkopaneelilla<\/p>\n<\/li>\n<li data-start=\"1266\" data-end=\"1331\">\n<p data-start=\"1268\" data-end=\"1331\">Yhteensopivuus: Beyond DT- ja Beyond DT Cam -langattomat ilmaisimet<\/p>\n<\/li>\n<li data-start=\"1332\" data-end=\"1418\">\n<p data-start=\"1334\" data-end=\"1418\">Ominaisuudet: 180\u00ba kierto, integroitu aurinkopaneeli ladattavalla akulla<\/p>\n<\/li>\n<li data-start=\"1419\" data-end=\"1483\">\n<p data-start=\"1421\" data-end=\"1483\">Virtal\u00e4hde: 1 x CR123A-paristo (aurinkokennon t\u00e4ydent\u00e4m\u00e4)<\/p>\n<\/li>\n<li data-start=\"1484\" data-end=\"1508\">\n<p data-start=\"1486\" data-end=\"1508\">Mitat: 124 x 35 x 42 mm<\/p>\n<\/li>\n<li data-start=\"1509\" data-end=\"1523\">\n<p data-start=\"1511\" data-end=\"1523\">V\u00e4ri: hopea<\/p>\n<\/li>\n<li data-start=\"1524\" data-end=\"1551\">\n<p data-start=\"1526\" data-end=\"1551\">K\u00e4ytt\u00f6: Sein\u00e4kiinnitys<\/p>\n<\/li>\n<li data-start=\"1552\" data-end=\"1576\">\n<p data-start=\"1554\" data-end=\"1576\">Sertifiointi: CE-merkitty<\/p>\n<\/li>\n<li data-start=\"1577\" data-end=\"1600\">\n<p data-start=\"1579\" data-end=\"1600\">Kierto: 180\u00ba k\u00e4\u00e4nt\u00f6<\/p>\n<\/li>\n<li data-start=\"1601\" data-end=\"1625\">\n<p data-start=\"1603\" data-end=\"1625\">Paino: Kevyt ja kompakti<\/p>\n<\/li>\n<\/ul>","protected":false},"excerpt":{"rendered":"<p>RISCO-sein\u00e4kiinnike aurinkopaneelilla on suunniteltu k\u00e4ytett\u00e4v\u00e4ksi Beyond DT- ja Beyond DT Cam -langattomien ilmaisimien kanssa.<\/p>\n<p>Siin\u00e4 on k\u00e4\u00e4ntyv\u00e4 aurinkopaneeli (180\u00ba) ja integroitu ladattava akkuratkaisu pidemp\u00e4\u00e4 akun k\u00e4ytt\u00f6ik\u00e4\u00e4 varten.<\/p>","protected":false},"featured_media":158864,"template":"","meta":{"_acf_changed":false},"product_brand":[],"product_cat":[3191],"product_tag":[],"class_list":{"0":"post-114541","1":"product","2":"type-product","3":"status-publish","4":"has-post-thumbnail","6":"product_cat-utomhusdetektorer","7":"pa_brands-4risco","8":"tm-no-options","10":"first","11":"instock","12":"sale","13":"taxable","14":"shipping-taxable","15":"purchasable","16":"product-type-simple"},"acf":[],"_links":{"self":[{"href":"https:\/\/secureus.se\/fi\/wp-json\/wp\/v2\/product\/114541","targetHints":{"allow":["GET"]}}],"collection":[{"href":"https:\/\/secureus.se\/fi\/wp-json\/wp\/v2\/product"}],"about":[{"href":"https:\/\/secureus.se\/fi\/wp-json\/wp\/v2\/types\/product"}],"wp:featuredmedia":[{"embeddable":true,"href":"https:\/\/secureus.se\/fi\/wp-json\/wp\/v2\/media\/158864"}],"wp:attachment":[{"href":"https:\/\/secureus.se\/fi\/wp-json\/wp\/v2\/media?parent=114541"}],"wp:term":[{"taxonomy":"product_brand","embeddable":true,"href":"https:\/\/secureus.se\/fi\/wp-json\/wp\/v2\/product_brand?post=114541"},{"taxonomy":"product_cat","embeddable":true,"href":"https:\/\/secureus.se\/fi\/wp-json\/wp\/v2\/product_cat?post=114541"},{"taxonomy":"product_tag","embeddable":true,"href":"https:\/\/secureus.se\/fi\/wp-json\/wp\/v2\/product_tag?post=114541"}],"curies":[{"name":"wp","href":"https:\/\/api.w.org\/{rel}","templated":true}]}}