{"id":114636,"date":"2024-11-05T18:52:51","date_gmt":"2024-11-05T17:52:51","guid":{"rendered":"https:\/\/secureus.se\/?post_type=product&#038;p=114636"},"modified":"2026-01-12T12:02:47","modified_gmt":"2026-01-12T11:02:47","slug":"badgemaker-etiketter-till-bordsskylt-52x100","status":"publish","type":"product","link":"https:\/\/secureus.se\/fi\/badgemaker-etiketter-till-bordsskylt-52x100\/","title":{"rendered":"BADGEMAKER\u00ae tarrat p\u00f6yt\u00e4kylttiin 52\u00d7100"},"content":{"rendered":"<p>Suunnittele ammattimaisia mutta persoonallisia p\u00f6yt\u00e4kylttej\u00e4 ilmaisessa DURAPRINT\u00ae-ohjelmassa, joka on saatavilla osoitteessa www.duraprint.se. Tulosta laser- tai mustesuihkutulostimella 150 gramman paperille BADGEMAKER\u00ae-tarra-arkeille. Itse nimilappu on helppo repi\u00e4 pois. 20 A4-arkin pakkaus sis\u00e4lt\u00e4\u00e4 40 tarraa, joiden mitat ovat 52x100mm (KxL).<\/p>","protected":false},"excerpt":{"rendered":"<p>Tarra-arkki tulostukseen tulostimessa p\u00f6yt\u00e4kylttej\u00e4 varten koko 52x100mm. 20 arkkia = 40 tarraa.<\/p>","protected":false},"featured_media":135268,"template":"","meta":{"_acf_changed":false},"product_brand":[],"product_cat":[4276,4271],"product_tag":[4396],"class_list":{"0":"post-114636","1":"product","2":"type-product","3":"status-publish","4":"has-post-thumbnail","6":"product_cat-etiketter-till-namnskyltar","7":"product_cat-namnskyltar","8":"product_tag-vit","9":"product_shipping_class-tunga-paket","10":"pa_brands-durable","11":"tm-no-options","13":"first","14":"instock","15":"sale","16":"taxable","17":"shipping-taxable","18":"purchasable","19":"product-type-simple"},"acf":[],"_links":{"self":[{"href":"https:\/\/secureus.se\/fi\/wp-json\/wp\/v2\/product\/114636","targetHints":{"allow":["GET"]}}],"collection":[{"href":"https:\/\/secureus.se\/fi\/wp-json\/wp\/v2\/product"}],"about":[{"href":"https:\/\/secureus.se\/fi\/wp-json\/wp\/v2\/types\/product"}],"wp:featuredmedia":[{"embeddable":true,"href":"https:\/\/secureus.se\/fi\/wp-json\/wp\/v2\/media\/135268"}],"wp:attachment":[{"href":"https:\/\/secureus.se\/fi\/wp-json\/wp\/v2\/media?parent=114636"}],"wp:term":[{"taxonomy":"product_brand","embeddable":true,"href":"https:\/\/secureus.se\/fi\/wp-json\/wp\/v2\/product_brand?post=114636"},{"taxonomy":"product_cat","embeddable":true,"href":"https:\/\/secureus.se\/fi\/wp-json\/wp\/v2\/product_cat?post=114636"},{"taxonomy":"product_tag","embeddable":true,"href":"https:\/\/secureus.se\/fi\/wp-json\/wp\/v2\/product_tag?post=114636"}],"curies":[{"name":"wp","href":"https:\/\/api.w.org\/{rel}","templated":true}]}}