{"id":114642,"date":"2024-11-20T14:02:00","date_gmt":"2024-11-20T13:02:00","guid":{"rendered":"https:\/\/secureus.se\/?post_type=product&#038;p=114642"},"modified":"2026-01-12T12:02:54","modified_gmt":"2026-01-12T11:02:54","slug":"badgemaker-etiketter-till-bordsskylt-61x210","status":"publish","type":"product","link":"https:\/\/secureus.se\/fi\/badgemaker-etiketter-till-bordsskylt-61x210\/","title":{"rendered":"BADGEMAKER\u00ae tarrat p\u00f6yt\u00e4kylttiin 61\u00d7210"},"content":{"rendered":"<p>Suunnittele ammattimaisia mutta persoonallisia p\u00f6yt\u00e4kylttej\u00e4 ilmaisessa DURAPRINT\u00ae-ohjelmassa, joka on saatavilla osoitteessa www.duraprint.se. Tulosta laser- tai mustesuihkutulostimella 150 gramman paperille BADGEMAKER\u00ae-tarra-arkeille. Itse nimilappu on helppo repi\u00e4 pois. 20 A4-arkin pakkaus sis\u00e4lt\u00e4\u00e4 20 tarraa, joiden mitat ovat 61x210mm (KxL). <\/p>","protected":false},"excerpt":{"rendered":"<p>Tarra-arkki tulostukseen tulostimessa p\u00f6yt\u00e4kylttej\u00e4 varten koko 61x210mm. 20 arkkia = 20 tarraa.<\/p>","protected":false},"featured_media":134891,"template":"","meta":{"_acf_changed":false},"product_brand":[],"product_cat":[4276],"product_tag":[4396],"class_list":{"0":"post-114642","1":"product","2":"type-product","3":"status-publish","4":"has-post-thumbnail","6":"product_cat-etiketter-till-namnskyltar","7":"product_tag-vit","8":"product_shipping_class-tunga-paket","9":"pa_brands-durable","10":"tm-no-options","12":"first","13":"instock","14":"sale","15":"taxable","16":"shipping-taxable","17":"purchasable","18":"product-type-simple"},"acf":[],"_links":{"self":[{"href":"https:\/\/secureus.se\/fi\/wp-json\/wp\/v2\/product\/114642","targetHints":{"allow":["GET"]}}],"collection":[{"href":"https:\/\/secureus.se\/fi\/wp-json\/wp\/v2\/product"}],"about":[{"href":"https:\/\/secureus.se\/fi\/wp-json\/wp\/v2\/types\/product"}],"wp:featuredmedia":[{"embeddable":true,"href":"https:\/\/secureus.se\/fi\/wp-json\/wp\/v2\/media\/134891"}],"wp:attachment":[{"href":"https:\/\/secureus.se\/fi\/wp-json\/wp\/v2\/media?parent=114642"}],"wp:term":[{"taxonomy":"product_brand","embeddable":true,"href":"https:\/\/secureus.se\/fi\/wp-json\/wp\/v2\/product_brand?post=114642"},{"taxonomy":"product_cat","embeddable":true,"href":"https:\/\/secureus.se\/fi\/wp-json\/wp\/v2\/product_cat?post=114642"},{"taxonomy":"product_tag","embeddable":true,"href":"https:\/\/secureus.se\/fi\/wp-json\/wp\/v2\/product_tag?post=114642"}],"curies":[{"name":"wp","href":"https:\/\/api.w.org\/{rel}","templated":true}]}}