{"id":114657,"date":"2024-11-20T13:55:48","date_gmt":"2024-11-20T12:55:48","guid":{"rendered":"https:\/\/secureus.se\/?post_type=product&#038;p=114657"},"modified":"2026-01-12T12:24:55","modified_gmt":"2026-01-12T11:24:55","slug":"golvstativ-crystal-sign-stand-a4","status":"publish","type":"product","link":"https:\/\/secureus.se\/fi\/golvstativ-crystal-sign-stand-a4\/","title":{"rendered":"Lattiateline CRYSTAL SIGN STAND A4"},"content":{"rendered":"<p>Lattiakyltit tiedottavat ja suuntaavat vierailijoita ja sopivat erinomaisesti sis\u00e4\u00e4nk\u00e4yntiin, ravintoloihin, n\u00e4yttelyihin jne. CRYSTAL SIGN kylttisarja koostuu kahdesta akryylilevyst\u00e4, joiden v\u00e4liss\u00e4 on himme\u00e4 v\u00e4lilehti teksti\u00e4 varten. Kyltti on kiinnitetty koristeruuveilla. Lattiateline koostuu raskaasta ja vakaasta jalusta, alumiinitelineest\u00e4 ja k\u00e4\u00e4nnett\u00e4v\u00e4st\u00e4 kyltist\u00e4 materiaalille A4 vaaka- tai pystysuunnassa. Kyltti voidaan sijoittaa 6 eri korkeuteen ja seisova kylttipaikan korkeus on 1,11-1,18 m. Vaakakyltill\u00e4 korkeus on 1,06 \u2013 1,13 m.<br \/>\nSuunnittele kyltti ilmaisella DURAPRINT\u00ae-ohjelmalla, joka on saatavilla osoitteessa www.duraprint.se. Tulosta lasertulostimella himme\u00e4lle arkille (2 mukana).<br \/>\nLis\u00e4varusteet: Himmennetyt t\u00e4ytt\u00f6arkit tuotenumero 483519<\/p>","protected":false},"excerpt":{"rendered":"<p>Tallilattiakyltti CRYSTAL SIGN A4. Kyltti\u00e4 voidaan k\u00e4ytt\u00e4\u00e4 pysty- tai vaakamuodossa.<\/p>","protected":false},"featured_media":134723,"template":"","meta":{"_acf_changed":false},"product_brand":[],"product_cat":[4264],"product_tag":[4382],"class_list":{"0":"post-114657","1":"product","2":"type-product","3":"status-publish","4":"has-post-thumbnail","6":"product_cat-dorrskyltar-i-akryl","7":"product_tag-silver","8":"product_shipping_class-tunga-paket","9":"pa_brands-durable","10":"pa_farg-silver","11":"tm-no-options","13":"first","14":"instock","15":"sale","16":"taxable","17":"shipping-taxable","18":"purchasable","19":"product-type-simple"},"acf":[],"_links":{"self":[{"href":"https:\/\/secureus.se\/fi\/wp-json\/wp\/v2\/product\/114657","targetHints":{"allow":["GET"]}}],"collection":[{"href":"https:\/\/secureus.se\/fi\/wp-json\/wp\/v2\/product"}],"about":[{"href":"https:\/\/secureus.se\/fi\/wp-json\/wp\/v2\/types\/product"}],"wp:featuredmedia":[{"embeddable":true,"href":"https:\/\/secureus.se\/fi\/wp-json\/wp\/v2\/media\/134723"}],"wp:attachment":[{"href":"https:\/\/secureus.se\/fi\/wp-json\/wp\/v2\/media?parent=114657"}],"wp:term":[{"taxonomy":"product_brand","embeddable":true,"href":"https:\/\/secureus.se\/fi\/wp-json\/wp\/v2\/product_brand?post=114657"},{"taxonomy":"product_cat","embeddable":true,"href":"https:\/\/secureus.se\/fi\/wp-json\/wp\/v2\/product_cat?post=114657"},{"taxonomy":"product_tag","embeddable":true,"href":"https:\/\/secureus.se\/fi\/wp-json\/wp\/v2\/product_tag?post=114657"}],"curies":[{"name":"wp","href":"https:\/\/api.w.org\/{rel}","templated":true}]}}