{"id":114703,"date":"2025-01-07T11:02:22","date_gmt":"2025-01-07T10:02:22","guid":{"rendered":"https:\/\/secureus.se\/?post_type=product&#038;p=114703"},"modified":"2026-01-12T12:38:37","modified_gmt":"2026-01-12T11:38:37","slug":"bladderstall-function-table-module-20","status":"publish","type":"product","link":"https:\/\/secureus.se\/fi\/bladderstall-function-table-module-20\/","title":{"rendered":"F\u00e4ppitauluteline FUNCTION TABLE MODULE 20"},"content":{"rendered":"<p>Metallinen FUNCTION-p\u00f6yt\u00e4teline 20 A4-paneelille. Taskut (kehykset, paneelit) tilataan erikseen.<br \/>\nTarvikkeet: SHERPA\u00b0PANEL tuotenumero 5606 eri v\u00e4reiss\u00e4. Otsikkoteline 560919 tai 560319.<\/p>","protected":false},"excerpt":{"rendered":"<p>Tyhj\u00e4 metallinen FUNCTION-p\u00f6yt\u00e4teline 20 A4-paneelille.<\/p>","protected":false},"featured_media":134930,"template":"","meta":{"_acf_changed":false},"product_brand":[],"product_cat":[4301],"product_tag":[4393],"class_list":{"0":"post-114703","1":"product","2":"type-product","3":"status-publish","4":"has-post-thumbnail","6":"product_cat-tillbehor-till-bladderpanelsystem","7":"product_tag-gra","8":"product_shipping_class-tunga-paket","9":"pa_brands-durable","10":"pa_farg-gra","11":"tm-no-options","13":"first","14":"instock","15":"sale","16":"taxable","17":"shipping-taxable","18":"purchasable","19":"product-type-simple"},"acf":[],"_links":{"self":[{"href":"https:\/\/secureus.se\/fi\/wp-json\/wp\/v2\/product\/114703","targetHints":{"allow":["GET"]}}],"collection":[{"href":"https:\/\/secureus.se\/fi\/wp-json\/wp\/v2\/product"}],"about":[{"href":"https:\/\/secureus.se\/fi\/wp-json\/wp\/v2\/types\/product"}],"wp:featuredmedia":[{"embeddable":true,"href":"https:\/\/secureus.se\/fi\/wp-json\/wp\/v2\/media\/134930"}],"wp:attachment":[{"href":"https:\/\/secureus.se\/fi\/wp-json\/wp\/v2\/media?parent=114703"}],"wp:term":[{"taxonomy":"product_brand","embeddable":true,"href":"https:\/\/secureus.se\/fi\/wp-json\/wp\/v2\/product_brand?post=114703"},{"taxonomy":"product_cat","embeddable":true,"href":"https:\/\/secureus.se\/fi\/wp-json\/wp\/v2\/product_cat?post=114703"},{"taxonomy":"product_tag","embeddable":true,"href":"https:\/\/secureus.se\/fi\/wp-json\/wp\/v2\/product_tag?post=114703"}],"curies":[{"name":"wp","href":"https:\/\/api.w.org\/{rel}","templated":true}]}}