{"id":114719,"date":"2024-11-20T14:40:40","date_gmt":"2024-11-20T13:40:40","guid":{"rendered":"https:\/\/secureus.se\/?post_type=product&#038;p=114719"},"modified":"2026-01-12T12:27:15","modified_gmt":"2026-01-12T11:27:15","slug":"magnetram-duraframe-magnetic-a4-5","status":"publish","type":"product","link":"https:\/\/secureus.se\/fi\/magnetram-duraframe-magnetic-a4-5\/","title":{"rendered":"Magneettikehys DURAFRAME\u00ae MAGNETIC A4"},"content":{"rendered":"<p>K\u00e4yt\u00e4 DURAFRAME\u00ae MAGNETIC magneettisesti liimautuvia tietokehyksi\u00e4 n\u00e4ytt\u00e4\u00e4ksesi k\u00e4ytt\u00e4j\u00e4ohjeet, konetiedot, ty\u00f6ntekij\u00e4tiedot ja muut v\u00e4liaikaiset tai pysyv\u00e4t tiedot ammattimaisesti, nopeasti ja helposti.<br \/>\nAseta suojapaperi kehyksen koko reunan ymp\u00e4rille asiakirjan p\u00e4\u00e4lle ja aseta se esimerkiksi valkotauluille, hoitokaapeille, metalliseinille tai j\u00e4\u00e4kaappiin. Selke\u00e4! Siisti ja helpompi k\u00e4sitell\u00e4 kuin esim. DURAFRAME\u00ae MAGNETIC on saatavana A6-A3-asiakirjoille ja eri pakkauskokoina. Saatavana useissa v\u00e4reiss\u00e4 niin, ett\u00e4 kyltit sopivat viestiin, logon v\u00e4riin, vuodenaikaan tai n\u00e4kyv\u00e4t tarpeeksi tai ehk\u00e4 p\u00e4invastoin - on huomaamaton.<br \/>\nA4-kokoisille asiakirjoille. Ulkomitat 236\u00d7323 mm.<br \/>\nPakkauksessa 5 kpl<\/p>","protected":false},"excerpt":{"rendered":"<p>Magneettinen kehys n\u00e4ytt\u00e4\u00e4 tiedot siististi. Asiakirjoille, jotka asennetaan metallipinnoille.<\/p>","protected":false},"featured_media":133147,"template":"","meta":{"_acf_changed":false},"product_brand":[],"product_cat":[4295],"product_tag":[4374],"class_list":{"0":"post-114719","1":"product","2":"type-product","3":"status-publish","4":"has-post-thumbnail","6":"product_cat-inforamar-for-metallytor","7":"product_tag-morkbla","8":"product_shipping_class-tunga-paket","9":"pa_brands-durable","10":"pa_farg-morkbla","11":"tm-no-options","13":"first","14":"instock","15":"sale","16":"taxable","17":"shipping-taxable","18":"purchasable","19":"product-type-simple"},"acf":[],"_links":{"self":[{"href":"https:\/\/secureus.se\/fi\/wp-json\/wp\/v2\/product\/114719","targetHints":{"allow":["GET"]}}],"collection":[{"href":"https:\/\/secureus.se\/fi\/wp-json\/wp\/v2\/product"}],"about":[{"href":"https:\/\/secureus.se\/fi\/wp-json\/wp\/v2\/types\/product"}],"wp:featuredmedia":[{"embeddable":true,"href":"https:\/\/secureus.se\/fi\/wp-json\/wp\/v2\/media\/133147"}],"wp:attachment":[{"href":"https:\/\/secureus.se\/fi\/wp-json\/wp\/v2\/media?parent=114719"}],"wp:term":[{"taxonomy":"product_brand","embeddable":true,"href":"https:\/\/secureus.se\/fi\/wp-json\/wp\/v2\/product_brand?post=114719"},{"taxonomy":"product_cat","embeddable":true,"href":"https:\/\/secureus.se\/fi\/wp-json\/wp\/v2\/product_cat?post=114719"},{"taxonomy":"product_tag","embeddable":true,"href":"https:\/\/secureus.se\/fi\/wp-json\/wp\/v2\/product_tag?post=114719"}],"curies":[{"name":"wp","href":"https:\/\/api.w.org\/{rel}","templated":true}]}}