{"id":114760,"date":"2024-11-20T14:41:48","date_gmt":"2024-11-20T13:41:48","guid":{"rendered":"https:\/\/secureus.se\/?post_type=product&#038;p=114760"},"modified":"2026-01-12T12:29:03","modified_gmt":"2026-01-12T11:29:03","slug":"magnetram-duraframe-magnetic-top-for-a3","status":"publish","type":"product","link":"https:\/\/secureus.se\/fi\/magnetram-duraframe-magnetic-top-for-a3\/","title":{"rendered":"Magneettinen runko DURAFRAME\u00ae MAGNETIC TOP A3:lle"},"content":{"rendered":"<p>Rakennetiedot metallialustalle, kuten valkotauluille, joissa on selke\u00e4t ja tyylikk\u00e4\u00e4t otsikot magneettisesti liimautuvilla tietokehyksill\u00e4 DURAFRAME\u00ae MAGNETIC TOP. Otsikkokehykset ovat helppok\u00e4ytt\u00f6isi\u00e4 \u2013 vain kiinnit\u00e4, liikuta tai irrota alustasta tarpeen mukaan. Voidaan k\u00e4ytt\u00e4\u00e4 my\u00f6s magneettina nimilappuina, esim. pukukaapeissa. Luo ammattimaisia otsikoita k\u00e4ytt\u00e4m\u00e4ll\u00e4 malleja ilmaisessa DURAPRINT\u00ae-ohjelmassa, joka on saatavilla osoitteessa www.duraprint.se.<br \/>\nTarran mitat: 297\u00d740 mm A3 pysty- tai A4 vaakasuuntaan<br \/>\nUlkomitat: 323\u00d766 mm.<br \/>\nPakkauksessa 5 kpl.<\/p>","protected":false},"excerpt":{"rendered":"<p>Magneettikehys tyylikk\u00e4ille otsikoille asiakirjoille A3 pysty- tai A4 vaakaformaatissa.<\/p>","protected":false},"featured_media":133399,"template":"","meta":{"_acf_changed":false},"product_brand":[],"product_cat":[4295],"product_tag":[4381],"class_list":{"0":"post-114760","1":"product","2":"type-product","3":"status-publish","4":"has-post-thumbnail","6":"product_cat-inforamar-for-metallytor","7":"product_tag-svart","8":"product_shipping_class-tunga-paket","9":"pa_brands-durable","10":"pa_farg-svart","11":"tm-no-options","13":"first","14":"instock","15":"sale","16":"taxable","17":"shipping-taxable","18":"purchasable","19":"product-type-simple"},"acf":[],"_links":{"self":[{"href":"https:\/\/secureus.se\/fi\/wp-json\/wp\/v2\/product\/114760","targetHints":{"allow":["GET"]}}],"collection":[{"href":"https:\/\/secureus.se\/fi\/wp-json\/wp\/v2\/product"}],"about":[{"href":"https:\/\/secureus.se\/fi\/wp-json\/wp\/v2\/types\/product"}],"wp:featuredmedia":[{"embeddable":true,"href":"https:\/\/secureus.se\/fi\/wp-json\/wp\/v2\/media\/133399"}],"wp:attachment":[{"href":"https:\/\/secureus.se\/fi\/wp-json\/wp\/v2\/media?parent=114760"}],"wp:term":[{"taxonomy":"product_brand","embeddable":true,"href":"https:\/\/secureus.se\/fi\/wp-json\/wp\/v2\/product_brand?post=114760"},{"taxonomy":"product_cat","embeddable":true,"href":"https:\/\/secureus.se\/fi\/wp-json\/wp\/v2\/product_cat?post=114760"},{"taxonomy":"product_tag","embeddable":true,"href":"https:\/\/secureus.se\/fi\/wp-json\/wp\/v2\/product_tag?post=114760"}],"curies":[{"name":"wp","href":"https:\/\/api.w.org\/{rel}","templated":true}]}}