{"id":114777,"date":"2024-11-20T14:04:20","date_gmt":"2024-11-20T13:04:20","guid":{"rendered":"https:\/\/secureus.se\/?post_type=product&#038;p=114777"},"modified":"2026-01-12T12:10:09","modified_gmt":"2026-01-12T11:10:09","slug":"forsta-hjalpen-skap-first-aid-box-large-tom","status":"publish","type":"product","link":"https:\/\/secureus.se\/fi\/forsta-hjalpen-skap-first-aid-box-large-tom\/","title":{"rendered":"Ensiapukaappi FIRST AID BOX Iso (tyhj\u00e4)"},"content":{"rendered":"<p>Ker\u00e4\u00e4 ensiaputarvikkeet, p\u00e4\u00e4ns\u00e4rkytabletit ja muut vastaavat yhteen paikkaan, jotta ne ovat tarvittaessa helposti saatavilla. Suunniteltu alumiininen ensiapukaappi, jossa on 3 k\u00e4\u00e4ntyv\u00e4\u00e4 lokeroa, jotka voidaan t\u00e4ytt\u00e4\u00e4 sis\u00e4ll\u00f6ll\u00e4 tarpeen mukaan. Mukana ruuvi ja pistoke sein\u00e4kiinnityst\u00e4 varten sek\u00e4 itseliimautuva ensiapumerkki. Sylinterilukko ja 2 avainta tekev\u00e4t kaapista lukittavan. Mitat: 40x30x12cm KxSxKxS.<br \/>\nTarvikkeet: Sidontatarvikesarja, tuotenro 197500<\/p>","protected":false},"excerpt":{"rendered":"<p>Alumiininen ensiapukaappi kolmella lokerolla.<\/p>","protected":false},"featured_media":155440,"template":"","meta":{"_acf_changed":false},"product_brand":[],"product_cat":[1573],"product_tag":[4382],"class_list":{"0":"post-114777","1":"product","2":"type-product","3":"status-publish","4":"has-post-thumbnail","6":"product_cat-forsta-hjalpen","7":"product_tag-silver","8":"product_shipping_class-tunga-paket","9":"pa_brands-durable","10":"pa_farg-silver","11":"tm-no-options","13":"first","14":"instock","15":"sale","16":"taxable","17":"shipping-taxable","18":"purchasable","19":"product-type-simple"},"acf":[],"_links":{"self":[{"href":"https:\/\/secureus.se\/fi\/wp-json\/wp\/v2\/product\/114777","targetHints":{"allow":["GET"]}}],"collection":[{"href":"https:\/\/secureus.se\/fi\/wp-json\/wp\/v2\/product"}],"about":[{"href":"https:\/\/secureus.se\/fi\/wp-json\/wp\/v2\/types\/product"}],"wp:featuredmedia":[{"embeddable":true,"href":"https:\/\/secureus.se\/fi\/wp-json\/wp\/v2\/media\/155440"}],"wp:attachment":[{"href":"https:\/\/secureus.se\/fi\/wp-json\/wp\/v2\/media?parent=114777"}],"wp:term":[{"taxonomy":"product_brand","embeddable":true,"href":"https:\/\/secureus.se\/fi\/wp-json\/wp\/v2\/product_brand?post=114777"},{"taxonomy":"product_cat","embeddable":true,"href":"https:\/\/secureus.se\/fi\/wp-json\/wp\/v2\/product_cat?post=114777"},{"taxonomy":"product_tag","embeddable":true,"href":"https:\/\/secureus.se\/fi\/wp-json\/wp\/v2\/product_tag?post=114777"}],"curies":[{"name":"wp","href":"https:\/\/api.w.org\/{rel}","templated":true}]}}