{"id":114782,"date":"2024-11-20T14:02:47","date_gmt":"2024-11-20T13:02:47","guid":{"rendered":"https:\/\/secureus.se\/?post_type=product&#038;p=114782"},"modified":"2025-12-31T21:34:57","modified_gmt":"2025-12-31T20:34:57","slug":"badgemaker-recycled-etiketter-till-namnskylt-60x90","status":"publish","type":"product","link":"https:\/\/secureus.se\/fi\/badgemaker-recycled-etiketter-till-namnskylt-60x90\/","title":{"rendered":"BADGEMAKER\u00ae RECYCLED -tarrat nimikilpeen 60\u00d790"},"content":{"rendered":"<p>Suunnittele ammattimaisia mutta henkil\u00f6kohtaisia nimikylttej\u00e4 ilmaisella DURAPRINT\u00ae-ohjelmalla, joka on saatavilla osoitteessa www.duraprint.se. Tulosta laser- tai mustesuihkutulostimella BADGEMAKER\u00ae-tarra-arkeille, jotka on valmistettu 150 gramman kierr\u00e4tetyst\u00e4 PEFC-paperista. Itse nimilappu on helppo repi\u00e4 pois. 20 A4-arkin pakkaus sis\u00e4lt\u00e4\u00e4 160 tarraa, joiden mitat ovat 60x90mm (KxL). <\/p>","protected":false},"excerpt":{"rendered":"<p>Etikettiarkki kierr\u00e4tetty\u00e4 150g paperia. Nimikilpeille, joiden koko on 60x90mm. 20 A4-arkkia = 160 tarraa.<\/p>","protected":false},"featured_media":134659,"template":"","meta":{"_acf_changed":false},"product_brand":[],"product_cat":[4276],"product_tag":[4396],"class_list":{"0":"post-114782","1":"product","2":"type-product","3":"status-publish","4":"has-post-thumbnail","6":"product_cat-etiketter-till-namnskyltar","7":"product_tag-vit","8":"product_shipping_class-tunga-paket","9":"pa_brands-durable","10":"tm-no-options","12":"first","13":"instock","14":"sale","15":"taxable","16":"shipping-taxable","17":"purchasable","18":"product-type-simple"},"acf":[],"_links":{"self":[{"href":"https:\/\/secureus.se\/fi\/wp-json\/wp\/v2\/product\/114782","targetHints":{"allow":["GET"]}}],"collection":[{"href":"https:\/\/secureus.se\/fi\/wp-json\/wp\/v2\/product"}],"about":[{"href":"https:\/\/secureus.se\/fi\/wp-json\/wp\/v2\/types\/product"}],"wp:featuredmedia":[{"embeddable":true,"href":"https:\/\/secureus.se\/fi\/wp-json\/wp\/v2\/media\/134659"}],"wp:attachment":[{"href":"https:\/\/secureus.se\/fi\/wp-json\/wp\/v2\/media?parent=114782"}],"wp:term":[{"taxonomy":"product_brand","embeddable":true,"href":"https:\/\/secureus.se\/fi\/wp-json\/wp\/v2\/product_brand?post=114782"},{"taxonomy":"product_cat","embeddable":true,"href":"https:\/\/secureus.se\/fi\/wp-json\/wp\/v2\/product_cat?post=114782"},{"taxonomy":"product_tag","embeddable":true,"href":"https:\/\/secureus.se\/fi\/wp-json\/wp\/v2\/product_tag?post=114782"}],"curies":[{"name":"wp","href":"https:\/\/api.w.org\/{rel}","templated":true}]}}