{"id":114800,"date":"2024-11-20T13:58:41","date_gmt":"2024-11-20T12:58:41","guid":{"rendered":"https:\/\/secureus.se\/?post_type=product&#038;p=114800"},"modified":"2026-01-12T12:31:28","modified_gmt":"2026-01-12T11:31:28","slug":"inforam-duraframe-poster-50x70","status":"publish","type":"product","link":"https:\/\/secureus.se\/fi\/inforam-duraframe-poster-50x70\/","title":{"rendered":"Infokehys DURAFRAME\u00ae JULISTE 50\u00d770"},"content":{"rendered":"<p>K\u00e4yt\u00e4 DURAFRAME\u00ae POSTER -tietokehyksi\u00e4 esitell\u00e4ksesi ja esitell\u00e4ksesi kampanjatarjouksia, aukioloaikoja, mainoksia jne. ammattimaisesti n\u00e4yteikkunassa, seinill\u00e4 tai lasiseinill\u00e4.<br \/>\nRunko pysyy koossa litteill\u00e4 magneeteilla pitkien sivujen varrella ja siihen on helppo asettaa tai vaihtaa viestej\u00e4 etuosaa nostamalla. Helppo asentaa - sile\u00e4 ja mukava ilman kuplia - kahdella itseliimautuvalla nauhalla sel\u00e4n lyhyill\u00e4 sivuilla. Julistekehys voidaan poistaa sileilt\u00e4 ja kiinteilt\u00e4 pinnoilta j\u00e4tt\u00e4m\u00e4tt\u00e4 j\u00e4\u00e4mi\u00e4. Kauniimpaa kuin teippi! Kehykseen mahtuu 2 julistetta (150 gr paperia) ja ne voidaan lukea molemmilta puolilta samalla kauniilla kehyksell\u00e4 edess\u00e4 kuin takana. Valmistettu PET-muovista.<br \/>\nL\u00e4mm\u00f6nkest\u00e4v\u00e4 70\u00b0 asti ja UV-kest\u00e4v\u00e4 jopa 2 vuotta. Pysty- tai vaakajulisteille koko 50 x 70. Ulkomitat 545 x 745 mm.<br \/>\nV\u00e4ri: hopea<br \/>\nK\u00e4yt\u00e4nn\u00f6llinen tilaa s\u00e4\u00e4st\u00e4v\u00e4 pakkaus 1 k\u00e4\u00e4nt\u00f6kehyksell\u00e4<\/p>","protected":false},"excerpt":{"rendered":"<p>Infokehys tiedoille ja julisteille 50\u00d770 cm. N\u00e4yt\u00f6n ikkunoihin, seiniin ja lasiosiin.<\/p>","protected":false},"featured_media":134999,"template":"","meta":{"_acf_changed":false},"product_brand":[],"product_cat":[4294],"product_tag":[4382],"class_list":{"0":"post-114800","1":"product","2":"type-product","3":"status-publish","4":"has-post-thumbnail","6":"product_cat-inforamar-for-solexponerade-ytor","7":"product_tag-silver","8":"product_shipping_class-tunga-paket","9":"pa_brands-durable","10":"pa_farg-silver","11":"tm-no-options","13":"first","14":"instock","15":"sale","16":"taxable","17":"shipping-taxable","18":"purchasable","19":"product-type-simple"},"acf":[],"_links":{"self":[{"href":"https:\/\/secureus.se\/fi\/wp-json\/wp\/v2\/product\/114800","targetHints":{"allow":["GET"]}}],"collection":[{"href":"https:\/\/secureus.se\/fi\/wp-json\/wp\/v2\/product"}],"about":[{"href":"https:\/\/secureus.se\/fi\/wp-json\/wp\/v2\/types\/product"}],"wp:featuredmedia":[{"embeddable":true,"href":"https:\/\/secureus.se\/fi\/wp-json\/wp\/v2\/media\/134999"}],"wp:attachment":[{"href":"https:\/\/secureus.se\/fi\/wp-json\/wp\/v2\/media?parent=114800"}],"wp:term":[{"taxonomy":"product_brand","embeddable":true,"href":"https:\/\/secureus.se\/fi\/wp-json\/wp\/v2\/product_brand?post=114800"},{"taxonomy":"product_cat","embeddable":true,"href":"https:\/\/secureus.se\/fi\/wp-json\/wp\/v2\/product_cat?post=114800"},{"taxonomy":"product_tag","embeddable":true,"href":"https:\/\/secureus.se\/fi\/wp-json\/wp\/v2\/product_tag?post=114800"}],"curies":[{"name":"wp","href":"https:\/\/api.w.org\/{rel}","templated":true}]}}