{"id":114801,"date":"2024-11-20T14:07:55","date_gmt":"2024-11-20T13:07:55","guid":{"rendered":"https:\/\/secureus.se\/?post_type=product&#038;p=114801"},"modified":"2026-01-12T12:56:56","modified_gmt":"2026-01-12T11:56:56","slug":"flexiplus-6-a4-liggande-brochyrfack-2","status":"publish","type":"product","link":"https:\/\/secureus.se\/fi\/flexiplus-6-a4-liggande-brochyrfack-2\/","title":{"rendered":"FLEXIPLUS 6 A4 vaakasuuntainen esitealusta"},"content":{"rendered":"<p>Lomaketarjottimet, esitetelineet, kirjelokerot - FLEXIPLUS on sarja tilaa s\u00e4\u00e4st\u00e4vi\u00e4, joustavia ja sein\u00e4\u00e4n kiinnitett\u00e4vi\u00e4 pidikkeit\u00e4 esitteille, aikakauslehdille, lomakkeille ja muulle A4-formaatille. Jokaiseen osastoon mahtuu 24 mm paksuja nippuja. T\u00e4m\u00e4 on t\u00e4ydellinen sarja, jossa on 6 vaakasuuntaista lokeroa, joissa lokerot voidaan koota yhteen tai k\u00e4ytt\u00e4\u00e4 erikseen. Mukana tulee sarja ruuveja ja tulppia. Jokaisen lokeron mitat ovat 34 \u00d7 19,5 \u00d7 3,5 cm (LxKxS). Sein\u00e4st\u00e4 ulosp\u00e4in asennettuna se on 10 cm leve\u00e4 ja 34 cm leve\u00e4 ja 52 cm korkea, kun kaikki 6 lokeroa on koottu. Voidaan rakentaa useammilla osastoilla tarpeen mukaan koukuttamalla lokerot per\u00e4kk\u00e4in. <\/p>","protected":false},"excerpt":{"rendered":"<p>T\u00e4ydellinen sarja, jossa 6 vihkosalustaa FLEXIPLUS A4 vaakamuodossa.<\/p>","protected":false},"featured_media":133724,"template":"","meta":{"_acf_changed":false},"product_brand":[],"product_cat":[4280],"product_tag":[4396],"class_list":{"0":"post-114801","1":"product","2":"type-product","3":"status-publish","4":"has-post-thumbnail","6":"product_cat-broschyrstall","7":"product_tag-vit","8":"product_shipping_class-tunga-paket","9":"pa_brands-durable","10":"pa_farg-vit","11":"tm-no-options","13":"first","14":"instock","15":"sale","16":"taxable","17":"shipping-taxable","18":"purchasable","19":"product-type-simple"},"acf":[],"_links":{"self":[{"href":"https:\/\/secureus.se\/fi\/wp-json\/wp\/v2\/product\/114801","targetHints":{"allow":["GET"]}}],"collection":[{"href":"https:\/\/secureus.se\/fi\/wp-json\/wp\/v2\/product"}],"about":[{"href":"https:\/\/secureus.se\/fi\/wp-json\/wp\/v2\/types\/product"}],"wp:featuredmedia":[{"embeddable":true,"href":"https:\/\/secureus.se\/fi\/wp-json\/wp\/v2\/media\/133724"}],"wp:attachment":[{"href":"https:\/\/secureus.se\/fi\/wp-json\/wp\/v2\/media?parent=114801"}],"wp:term":[{"taxonomy":"product_brand","embeddable":true,"href":"https:\/\/secureus.se\/fi\/wp-json\/wp\/v2\/product_brand?post=114801"},{"taxonomy":"product_cat","embeddable":true,"href":"https:\/\/secureus.se\/fi\/wp-json\/wp\/v2\/product_cat?post=114801"},{"taxonomy":"product_tag","embeddable":true,"href":"https:\/\/secureus.se\/fi\/wp-json\/wp\/v2\/product_tag?post=114801"}],"curies":[{"name":"wp","href":"https:\/\/api.w.org\/{rel}","templated":true}]}}