{"id":114802,"date":"2024-11-20T13:56:40","date_gmt":"2024-11-20T12:56:40","guid":{"rendered":"https:\/\/secureus.se\/?post_type=product&#038;p=114802"},"modified":"2026-01-12T12:36:49","modified_gmt":"2026-01-12T11:36:49","slug":"golvskylt-sherpa-infobase-telescope","status":"publish","type":"product","link":"https:\/\/secureus.se\/fi\/golvskylt-sherpa-infobase-telescope\/","title":{"rendered":"Lattiakyltti SHERPA\u00ae Infobase Telescope"},"content":{"rendered":"<p>Lattiakyltit informoivat ja suuntaavat vierailijoita ja sopivat erinomaisesti sijoitettavaksi sis\u00e4\u00e4nk\u00e4yntiin, ravintoloihin, n\u00e4yttelyihin jne. SHERPA\u00ae Infobase Telescope on t\u00e4ydellinen lattiateline, jossa on akryylikylttipidike A4-kokoisille asiakirjoille. S\u00e4\u00e4dett\u00e4v\u00e4 korkeus 92 - 147 cm, voidaan kallistaa yl\u00f6s tai alas lukukulman s\u00e4\u00e4t\u00e4miseksi +-14\u00b0. 5 vuoden takuu. Takuuehdot l\u00f6ytyv\u00e4t t\u00e4\u00e4lt\u00e4: https:\/\/www.durable.se\/sv_SE\/service\/garanti\/garanti-foer-sherpa-vario\/<br \/>\nLis\u00e4varusteet: Lis\u00e4kyltti, tuotenumero 561919<\/p>","protected":false},"excerpt":{"rendered":"<p>Lattiakyltti A4-kyltill\u00e4 akryylimuovia. S\u00e4\u00e4dett\u00e4v\u00e4 korkeus. <\/p>","protected":false},"featured_media":135133,"template":"","meta":{"_acf_changed":false},"product_brand":[],"product_cat":[4304],"product_tag":[4394],"class_list":{"0":"post-114802","1":"product","2":"type-product","3":"status-publish","4":"has-post-thumbnail","6":"product_cat-broschyrstall-golvstativ","7":"product_tag-antracitgra","8":"product_shipping_class-tunga-paket","9":"pa_brands-durable","10":"pa_farg-antracitgra","11":"tm-no-options","13":"first","14":"instock","15":"sale","16":"taxable","17":"shipping-taxable","18":"purchasable","19":"product-type-simple"},"acf":[],"_links":{"self":[{"href":"https:\/\/secureus.se\/fi\/wp-json\/wp\/v2\/product\/114802","targetHints":{"allow":["GET"]}}],"collection":[{"href":"https:\/\/secureus.se\/fi\/wp-json\/wp\/v2\/product"}],"about":[{"href":"https:\/\/secureus.se\/fi\/wp-json\/wp\/v2\/types\/product"}],"wp:featuredmedia":[{"embeddable":true,"href":"https:\/\/secureus.se\/fi\/wp-json\/wp\/v2\/media\/135133"}],"wp:attachment":[{"href":"https:\/\/secureus.se\/fi\/wp-json\/wp\/v2\/media?parent=114802"}],"wp:term":[{"taxonomy":"product_brand","embeddable":true,"href":"https:\/\/secureus.se\/fi\/wp-json\/wp\/v2\/product_brand?post=114802"},{"taxonomy":"product_cat","embeddable":true,"href":"https:\/\/secureus.se\/fi\/wp-json\/wp\/v2\/product_cat?post=114802"},{"taxonomy":"product_tag","embeddable":true,"href":"https:\/\/secureus.se\/fi\/wp-json\/wp\/v2\/product_tag?post=114802"}],"curies":[{"name":"wp","href":"https:\/\/api.w.org\/{rel}","templated":true}]}}