{"id":114814,"date":"2024-11-20T14:10:58","date_gmt":"2024-11-20T13:10:58","guid":{"rendered":"https:\/\/secureus.se\/?post_type=product&#038;p=114814"},"modified":"2026-01-12T12:00:41","modified_gmt":"2026-01-12T11:00:41","slug":"halkskyddstejp-duraline-grip-75-mm","status":"publish","type":"product","link":"https:\/\/secureus.se\/fi\/halkskyddstejp-duraline-grip-75-mm\/","title":{"rendered":"Liukumaton teippi Duraline Grip 75 mm"},"content":{"rendered":"<p>Liukastumisenestoteippi, joka on tarkoitettu sis\u00e4k\u00e4ytt\u00f6\u00f6n tai suojattuihin paikkoihin ulkotiloissa, joissa on liukastumisvaara. Se voi olla liukas lattia tai portaat, tikkaat, kaltevat rampit, polkimet ja askelmat koneissa ja ajoneuvoissa. T\u00e4m\u00e4 on 75 mm leve\u00e4 itseliimautuva teippi, jonka raekoko on keskikokoinen ja joka tarjoaa hyv\u00e4n pidon ja kitkan. Helppok\u00e4ytt\u00f6inen kaikille: Varmista, ett\u00e4 lattia on puhdas ja kuiva. Kokoonpanon minimil\u00e4mp\u00f6tila on +10, optimaalinen 15-20 astetta. Poista 10 cm suojamuovia takana ja kiinnit\u00e4 teippi, sitten rullaa ja poista suojamuovi v\u00e4hitellen, teippi on helpompi kiinnitt\u00e4\u00e4 haluttuun linjaan. 48 tunnin kuluttua liima on kovettunut kokonaan, mutta teipill\u00e4 voi k\u00e4vell\u00e4 heti asennuksen j\u00e4lkeen.<br \/>\nTekniset tiedot: Liukastumisenestotaso R13 standardin DIN51130 mukaisesti. Rullaa noin 15 metri\u00e4. Leveys: 75 mm. Raekoko 60 grit<\/p>","protected":false},"excerpt":{"rendered":"<p>Leve\u00e4 liukuesteteippi k\u00e4ytett\u00e4v\u00e4ksi sis\u00e4tiloissa ja suojatuissa ulkotiloissa. Vankka pinta, joka tarjoaa hyv\u00e4n pidon.<\/p>","protected":false},"featured_media":145715,"template":"","meta":{"_acf_changed":false},"product_brand":[],"product_cat":[4305],"product_tag":[4381],"class_list":{"0":"post-114814","1":"product","2":"type-product","3":"status-publish","4":"has-post-thumbnail","6":"product_cat-halkskyddstejp","7":"product_tag-svart","8":"product_shipping_class-tunga-paket","9":"pa_brands-durable","10":"pa_farg-svart","11":"tm-no-options","13":"first","14":"instock","15":"sale","16":"taxable","17":"shipping-taxable","18":"purchasable","19":"product-type-simple"},"acf":[],"_links":{"self":[{"href":"https:\/\/secureus.se\/fi\/wp-json\/wp\/v2\/product\/114814","targetHints":{"allow":["GET"]}}],"collection":[{"href":"https:\/\/secureus.se\/fi\/wp-json\/wp\/v2\/product"}],"about":[{"href":"https:\/\/secureus.se\/fi\/wp-json\/wp\/v2\/types\/product"}],"wp:featuredmedia":[{"embeddable":true,"href":"https:\/\/secureus.se\/fi\/wp-json\/wp\/v2\/media\/145715"}],"wp:attachment":[{"href":"https:\/\/secureus.se\/fi\/wp-json\/wp\/v2\/media?parent=114814"}],"wp:term":[{"taxonomy":"product_brand","embeddable":true,"href":"https:\/\/secureus.se\/fi\/wp-json\/wp\/v2\/product_brand?post=114814"},{"taxonomy":"product_cat","embeddable":true,"href":"https:\/\/secureus.se\/fi\/wp-json\/wp\/v2\/product_cat?post=114814"},{"taxonomy":"product_tag","embeddable":true,"href":"https:\/\/secureus.se\/fi\/wp-json\/wp\/v2\/product_tag?post=114814"}],"curies":[{"name":"wp","href":"https:\/\/api.w.org\/{rel}","templated":true}]}}