{"id":114828,"date":"2024-11-20T14:07:56","date_gmt":"2024-11-20T13:07:56","guid":{"rendered":"https:\/\/secureus.se\/?post_type=product&#038;p=114828"},"modified":"2026-01-12T12:56:46","modified_gmt":"2026-01-12T11:56:46","slug":"flexiplus-6-a4-staende-brochyrfack-2","status":"publish","type":"product","link":"https:\/\/secureus.se\/fi\/flexiplus-6-a4-staende-brochyrfack-2\/","title":{"rendered":"FLEXIPLUS 6 A4 seisova esitealusta"},"content":{"rendered":"<p>Lomaketarjottimet, esitetelineet, kirjelokerot - FLEXIPLUS on sarja tilaa s\u00e4\u00e4st\u00e4vi\u00e4, joustavia ja sein\u00e4\u00e4n kiinnitett\u00e4vi\u00e4 pidikkeit\u00e4 esitteille, aikakauslehdille, lomakkeille ja muille A4-muodossa oleville tiedoille. Jokaiseen osastoon mahtuu 24 mm paksuja nippuja. T\u00e4m\u00e4 on t\u00e4ydellinen sarja, jossa on 6 pystysuoraa lokeroa, joissa lokerot voidaan koota yhteen tai k\u00e4ytt\u00e4\u00e4 erikseen. Mukana tulee sarja ruuveja ja tulppia. Jokaisen lokeron mitat ovat 25 \u00d7 27,5 \u00d7 3,5 cm (LxKxS). Sein\u00e4st\u00e4 ulosp\u00e4in asennettuna se on 10 cm leve\u00e4 ja 25 cm leve\u00e4 ja 74,5 cm korkea, kun kaikki 6 lokeroa on koottu. Voidaan rakentaa useammilla osastoilla tarpeen mukaan koukuttamalla lokerot per\u00e4kk\u00e4in.<br \/>\nLis\u00e4varusteet: Lis\u00e4\u00e4 lokeroita 2 kappaleen sarjassa, tuotenumero 1709008060<\/p>","protected":false},"excerpt":{"rendered":"<p>T\u00e4ydellinen sarja, jossa on 6 vihkosalustaa FLEXIPLUS A4 pystysuunnassa.<\/p>","protected":false},"featured_media":133719,"template":"","meta":{"_acf_changed":false},"product_brand":[],"product_cat":[4280],"product_tag":[4381],"class_list":{"0":"post-114828","1":"product","2":"type-product","3":"status-publish","4":"has-post-thumbnail","6":"product_cat-broschyrstall","7":"product_tag-svart","8":"product_shipping_class-tunga-paket","9":"pa_brands-durable","10":"pa_farg-svart","11":"tm-no-options","13":"first","14":"instock","15":"sale","16":"taxable","17":"shipping-taxable","18":"purchasable","19":"product-type-simple"},"acf":[],"_links":{"self":[{"href":"https:\/\/secureus.se\/fi\/wp-json\/wp\/v2\/product\/114828","targetHints":{"allow":["GET"]}}],"collection":[{"href":"https:\/\/secureus.se\/fi\/wp-json\/wp\/v2\/product"}],"about":[{"href":"https:\/\/secureus.se\/fi\/wp-json\/wp\/v2\/types\/product"}],"wp:featuredmedia":[{"embeddable":true,"href":"https:\/\/secureus.se\/fi\/wp-json\/wp\/v2\/media\/133719"}],"wp:attachment":[{"href":"https:\/\/secureus.se\/fi\/wp-json\/wp\/v2\/media?parent=114828"}],"wp:term":[{"taxonomy":"product_brand","embeddable":true,"href":"https:\/\/secureus.se\/fi\/wp-json\/wp\/v2\/product_brand?post=114828"},{"taxonomy":"product_cat","embeddable":true,"href":"https:\/\/secureus.se\/fi\/wp-json\/wp\/v2\/product_cat?post=114828"},{"taxonomy":"product_tag","embeddable":true,"href":"https:\/\/secureus.se\/fi\/wp-json\/wp\/v2\/product_tag?post=114828"}],"curies":[{"name":"wp","href":"https:\/\/api.w.org\/{rel}","templated":true}]}}