{"id":114844,"date":"2024-11-20T14:09:55","date_gmt":"2024-11-20T13:09:55","guid":{"rendered":"https:\/\/secureus.se\/?post_type=product&#038;p=114844"},"modified":"2026-03-11T14:43:33","modified_gmt":"2026-03-11T13:43:33","slug":"flexiplus-2-a4-liggande-broschyrfack-2","status":"publish","type":"product","link":"https:\/\/secureus.se\/fi\/flexiplus-2-a4-liggande-broschyrfack-2\/","title":{"rendered":"FLEXIPLUS 2 A4 vaakasuuntainen esitealusta"},"content":{"rendered":"<p>Lomakelokerot, esitetelineet, postituslokerot \u2013 FLEXIPLUS on sarja tilaa s\u00e4\u00e4st\u00e4vi\u00e4, joustavia ja sein\u00e4\u00e4n kiinnitett\u00e4vi\u00e4 pidikkeit\u00e4 esitteille, lehdille, lomakkeille ja muille A4-kokoisille tiedoille. Kunkin lokeron kapasiteetti on 24 mm paksuja nippuja. T\u00e4m\u00e4 on t\u00e4ydellinen sarja, jossa on kaksi vaakasuuntaista lokeroa, joissa lokerot voidaan koota yhteen tai k\u00e4ytt\u00e4\u00e4 erikseen. Mukana tulee ruuvi- ja tulppasarja. Kunkin lokeron mitat ovat 34 \u00d7 19,5 \u00d7 3,5 cm (L \u00d7 K \u00d7 S). Sein\u00e4st\u00e4 kulmaan asennettuna se on 10 cm korkea ja 34 cm leve\u00e4. Koottuna lokeron korkeus on 25 cm. Voidaan rakentaa lis\u00e4\u00e4 lokeroita tarpeen mukaan kiinnitt\u00e4m\u00e4ll\u00e4 lokerot per\u00e4kk\u00e4in.<\/p>","protected":false},"excerpt":{"rendered":"<p>T\u00e4ydellinen sarja, jossa on 2 vihkosalustaa FLEXIPLUS A4 vaakamuodossa.<\/p>","protected":false},"featured_media":133841,"template":"","meta":{"_acf_changed":false},"product_brand":[],"product_cat":[4280],"product_tag":[4381],"class_list":{"0":"post-114844","1":"product","2":"type-product","3":"status-publish","4":"has-post-thumbnail","6":"product_cat-broschyrstall","7":"product_tag-svart","8":"product_shipping_class-tunga-paket","9":"pa_brands-durable","10":"pa_farg-svart","11":"tm-no-options","13":"first","14":"instock","15":"sale","16":"taxable","17":"shipping-taxable","18":"purchasable","19":"product-type-simple"},"acf":[],"_links":{"self":[{"href":"https:\/\/secureus.se\/fi\/wp-json\/wp\/v2\/product\/114844","targetHints":{"allow":["GET"]}}],"collection":[{"href":"https:\/\/secureus.se\/fi\/wp-json\/wp\/v2\/product"}],"about":[{"href":"https:\/\/secureus.se\/fi\/wp-json\/wp\/v2\/types\/product"}],"wp:featuredmedia":[{"embeddable":true,"href":"https:\/\/secureus.se\/fi\/wp-json\/wp\/v2\/media\/133841"}],"wp:attachment":[{"href":"https:\/\/secureus.se\/fi\/wp-json\/wp\/v2\/media?parent=114844"}],"wp:term":[{"taxonomy":"product_brand","embeddable":true,"href":"https:\/\/secureus.se\/fi\/wp-json\/wp\/v2\/product_brand?post=114844"},{"taxonomy":"product_cat","embeddable":true,"href":"https:\/\/secureus.se\/fi\/wp-json\/wp\/v2\/product_cat?post=114844"},{"taxonomy":"product_tag","embeddable":true,"href":"https:\/\/secureus.se\/fi\/wp-json\/wp\/v2\/product_tag?post=114844"}],"curies":[{"name":"wp","href":"https:\/\/api.w.org\/{rel}","templated":true}]}}