{"id":114922,"date":"2024-11-20T13:57:40","date_gmt":"2024-11-20T12:57:40","guid":{"rendered":"https:\/\/secureus.se\/?post_type=product&#038;p=114922"},"modified":"2026-01-12T12:27:24","modified_gmt":"2026-01-12T11:27:24","slug":"infroram-sjalvhaftande-duraframe-a4-storpack","status":"publish","type":"product","link":"https:\/\/secureus.se\/fi\/infroram-sjalvhaftande-duraframe-a4-storpack\/","title":{"rendered":"Infroframe itseliimautuva DURAFRAME\u00ae A4 iso pakkaus"},"content":{"rendered":"<p>K\u00e4yt\u00e4 itseliimautuvia DURAFRAME\u00ae-tietokehyksi\u00e4 kampanjatarjousten, aukioloaikojen, kylttien ja muiden v\u00e4liaikaisten tai pysyv\u00e4mpien tietojen n\u00e4ytt\u00e4miseen ammattimaisella, nopealla ja helpolla tavalla:<br \/>\nPoista suojapaperi - kiinnit\u00e4 Duraframe - nosta etuosa magneettisuljuksella - laita yksi tai kaksi arkkia - taita etuosa alas - valmis! Helppo asentaa \u2013 ilman ty\u00f6kaluja tai muita lis\u00e4varusteita \u2013 koville ja sileille pinnoille. Siisti ja helpompi k\u00e4sitell\u00e4 kuin esimerkiksi teippi, niitit tai niitit. Sis\u00e4osa pysyy tukevasti paikallaan sek\u00e4 pysty- ett\u00e4 vaaka-asennossa kaikilla kolmella avattavalla sivulla olevien magneettien ansiosta. Kehys n\u00e4ytt\u00e4\u00e4 samalta edess\u00e4 ja takana, mik\u00e4 on hienoa, kun se asetetaan lasilevyille kaksipuolista viesti\u00e4 varten. Se on irrotettavissa lasilevyist\u00e4. Maalatut, pinnoitetut tai laminoidut pinnat voivat vaurioitua, jos kehys poistetaan.<br \/>\nA4-kokoisille asiakirjoille. Ulkomitat 236\u00d7323 mm. DURAFRAME\u00ae on saatavana A6-A2-asiakirjoille erikokoisina pakkauskokoina. Saatavana useissa v\u00e4reiss\u00e4 niin, ett\u00e4 kyltit sopivat viestiin, logon v\u00e4riin, vuodenaikaan tai n\u00e4kyv\u00e4t tarpeeksi tai ehk\u00e4 p\u00e4invastoin - on huomaamaton.<br \/>\nPakkauksessa 10 kpl.<\/p>\n<p>K\u00e4yt\u00e4 DURAFRAME\u00ae WALLPAPERia herkille alustoille, kuten tapeteille, maalatuille, pinnoitetuille tai laminoiduille pinnoille.<br \/>\nSuosittelemme DURAFRAME\u00ae SUN:ia k\u00e4ytett\u00e4v\u00e4ksi auringolle alttiilla lasipinnoilla. <\/p>","protected":false},"excerpt":{"rendered":"<p>Itsekiinnittyv\u00e4 infokehys n\u00e4ytt\u00e4\u00e4 tiedot siististi. Edess\u00e4 magneettisuljin helpottaa sis\u00e4osien vaihtoa. <\/p>","protected":false},"featured_media":134665,"template":"","meta":{"_acf_changed":false},"product_brand":[],"product_cat":[4296],"product_tag":[4374],"class_list":{"0":"post-114922","1":"product","2":"type-product","3":"status-publish","4":"has-post-thumbnail","6":"product_cat-inforamar-for-slata-ytor","7":"product_tag-morkbla","8":"product_shipping_class-tunga-paket","9":"pa_brands-durable","10":"pa_farg-morkbla","11":"tm-no-options","13":"first","14":"instock","15":"sale","16":"taxable","17":"shipping-taxable","18":"purchasable","19":"product-type-simple"},"acf":[],"_links":{"self":[{"href":"https:\/\/secureus.se\/fi\/wp-json\/wp\/v2\/product\/114922","targetHints":{"allow":["GET"]}}],"collection":[{"href":"https:\/\/secureus.se\/fi\/wp-json\/wp\/v2\/product"}],"about":[{"href":"https:\/\/secureus.se\/fi\/wp-json\/wp\/v2\/types\/product"}],"wp:featuredmedia":[{"embeddable":true,"href":"https:\/\/secureus.se\/fi\/wp-json\/wp\/v2\/media\/134665"}],"wp:attachment":[{"href":"https:\/\/secureus.se\/fi\/wp-json\/wp\/v2\/media?parent=114922"}],"wp:term":[{"taxonomy":"product_brand","embeddable":true,"href":"https:\/\/secureus.se\/fi\/wp-json\/wp\/v2\/product_brand?post=114922"},{"taxonomy":"product_cat","embeddable":true,"href":"https:\/\/secureus.se\/fi\/wp-json\/wp\/v2\/product_cat?post=114922"},{"taxonomy":"product_tag","embeddable":true,"href":"https:\/\/secureus.se\/fi\/wp-json\/wp\/v2\/product_tag?post=114922"}],"curies":[{"name":"wp","href":"https:\/\/api.w.org\/{rel}","templated":true}]}}