{"id":114923,"date":"2024-11-20T13:56:18","date_gmt":"2024-11-20T12:56:18","guid":{"rendered":"https:\/\/secureus.se\/?post_type=product&#038;p=114923"},"modified":"2026-01-12T12:25:39","modified_gmt":"2026-01-12T11:25:39","slug":"dorrskylt-click-sign-210x1485-a5-2","status":"publish","type":"product","link":"https:\/\/secureus.se\/fi\/dorrskylt-click-sign-210x1485-a5-2\/","title":{"rendered":"Ovikyltti CLICK SIGN 210\u00d7148,5 (A5)"},"content":{"rendered":"<p>Erimuotoiset ovi- ja sein\u00e4kyltit auttavat vierailijoita orientoitumaan ja kertomaan, kuka, mik\u00e4 osasto, toiminto tai kokoustila miss\u00e4kin tiloissa sijaitsee. CLICK SIGN -kylttisarja on saatavana nelj\u00e4ss\u00e4 v\u00e4riss\u00e4 eri osastoihin tai kerroksiin eriv\u00e4risi\u00e4 vaihtoehtoja varten tai yksinkertaisesti siksi, ett\u00e4 se on yritykseen sopiva v\u00e4ri. CLICK SIGNiss\u00e4 on taitettava etupaneeli, jonka takana valkoinen arkki tekstill\u00e4 on suojassa. Ruuvi, tulppa ja itseliimautuvat nauhat sis\u00e4ltyv\u00e4t asennussarjaan sek\u00e4 asennusohjeet ja valkoinen v\u00e4lilevy. Suunnittele t\u00e4m\u00e4 vaakasuuntainen A5-kyltti (210\u00d7148,5) k\u00e4ytt\u00e4m\u00e4ll\u00e4 ilmaista DURAPRINT\u00ae-ohjelmaa, joka on saatavilla osoitteessa www.duraprint.se, ja tulosta A4-arkeille, jotka tilataan erikseen.<br \/>\nLis\u00e4varusteet: A4-arkki tulostukseen lasertulostimella, tuotenumero 485302<\/p>","protected":false},"excerpt":{"rendered":"<p>Ovikyltti muovia harjatulla kehyksell\u00e4 vaakasuuntaisessa A5-muodossa 210\u00d7148,5 mm.<\/p>","protected":false},"featured_media":134885,"template":"","meta":{"_acf_changed":false},"product_brand":[],"product_cat":[4263],"product_tag":[4387],"class_list":{"0":"post-114923","1":"product","2":"type-product","3":"status-publish","4":"has-post-thumbnail","6":"product_cat-dorrskyltar-i-plast","7":"product_tag-bla","8":"product_shipping_class-tunga-paket","9":"pa_brands-durable","10":"pa_farg-bla","11":"tm-no-options","13":"first","14":"instock","15":"sale","16":"taxable","17":"shipping-taxable","18":"purchasable","19":"product-type-simple"},"acf":[],"_links":{"self":[{"href":"https:\/\/secureus.se\/fi\/wp-json\/wp\/v2\/product\/114923","targetHints":{"allow":["GET"]}}],"collection":[{"href":"https:\/\/secureus.se\/fi\/wp-json\/wp\/v2\/product"}],"about":[{"href":"https:\/\/secureus.se\/fi\/wp-json\/wp\/v2\/types\/product"}],"wp:featuredmedia":[{"embeddable":true,"href":"https:\/\/secureus.se\/fi\/wp-json\/wp\/v2\/media\/134885"}],"wp:attachment":[{"href":"https:\/\/secureus.se\/fi\/wp-json\/wp\/v2\/media?parent=114923"}],"wp:term":[{"taxonomy":"product_brand","embeddable":true,"href":"https:\/\/secureus.se\/fi\/wp-json\/wp\/v2\/product_brand?post=114923"},{"taxonomy":"product_cat","embeddable":true,"href":"https:\/\/secureus.se\/fi\/wp-json\/wp\/v2\/product_cat?post=114923"},{"taxonomy":"product_tag","embeddable":true,"href":"https:\/\/secureus.se\/fi\/wp-json\/wp\/v2\/product_tag?post=114923"}],"curies":[{"name":"wp","href":"https:\/\/api.w.org\/{rel}","templated":true}]}}