{"id":114929,"date":"2025-01-07T11:02:23","date_gmt":"2025-01-07T10:02:23","guid":{"rendered":"https:\/\/secureus.se\/?post_type=product&#038;p=114929"},"modified":"2026-01-12T12:34:47","modified_gmt":"2026-01-12T11:34:47","slug":"bladderpanel-function-panel-a4-3","status":"publish","type":"product","link":"https:\/\/secureus.se\/fi\/bladderpanel-function-panel-a4-3\/","title":{"rendered":"Selauspaneeli TOIMINTOPANEELI A4"},"content":{"rendered":"<p>Kest\u00e4v\u00e4, skannattava paneeli A4-kokoisille asiakirjoille, jossa v\u00e4rillinen ulkoreuna ja kiinte\u00e4t otsikkopidikkeet eri v\u00e4reiss\u00e4. K\u00e4ytet\u00e4\u00e4n yleiskuvaj\u00e4rjestelmiss\u00e4, joissa piikkej\u00e4 on integroitu pidikkeeseen. Ylh\u00e4\u00e4ll\u00e4 aukko asiakirjojen vaihtamista varten. Yleisesti rei&#039;itetty sopimaan my\u00f6s sideaineisiin. V\u00e4himm\u00e4isosto on 5 paneelin pakkaus.<\/p>","protected":false},"excerpt":{"rendered":"<p>Muovinen tasku kiinteill\u00e4 otsikoiden pidikkeill\u00e4. Soveltuu p\u00f6ytiin ja sein\u00e4telineen, joissa piikkej\u00e4 on integroitu pidikkeeseen.<\/p>","protected":false},"featured_media":134817,"template":"","meta":{"_acf_changed":false},"product_brand":[],"product_cat":[4301],"product_tag":[4376],"class_list":{"0":"post-114929","1":"product","2":"type-product","3":"status-publish","4":"has-post-thumbnail","6":"product_cat-tillbehor-till-bladderpanelsystem","7":"product_tag-transparent","8":"product_shipping_class-tunga-paket","9":"pa_brands-durable","10":"pa_farg-transparent","11":"tm-no-options","13":"first","14":"instock","15":"sale","16":"taxable","17":"shipping-taxable","18":"purchasable","19":"product-type-simple"},"acf":[],"_links":{"self":[{"href":"https:\/\/secureus.se\/fi\/wp-json\/wp\/v2\/product\/114929","targetHints":{"allow":["GET"]}}],"collection":[{"href":"https:\/\/secureus.se\/fi\/wp-json\/wp\/v2\/product"}],"about":[{"href":"https:\/\/secureus.se\/fi\/wp-json\/wp\/v2\/types\/product"}],"wp:featuredmedia":[{"embeddable":true,"href":"https:\/\/secureus.se\/fi\/wp-json\/wp\/v2\/media\/134817"}],"wp:attachment":[{"href":"https:\/\/secureus.se\/fi\/wp-json\/wp\/v2\/media?parent=114929"}],"wp:term":[{"taxonomy":"product_brand","embeddable":true,"href":"https:\/\/secureus.se\/fi\/wp-json\/wp\/v2\/product_brand?post=114929"},{"taxonomy":"product_cat","embeddable":true,"href":"https:\/\/secureus.se\/fi\/wp-json\/wp\/v2\/product_cat?post=114929"},{"taxonomy":"product_tag","embeddable":true,"href":"https:\/\/secureus.se\/fi\/wp-json\/wp\/v2\/product_tag?post=114929"}],"curies":[{"name":"wp","href":"https:\/\/api.w.org\/{rel}","templated":true}]}}