{"id":114930,"date":"2024-11-20T13:57:45","date_gmt":"2024-11-20T12:57:45","guid":{"rendered":"https:\/\/secureus.se\/?post_type=product&#038;p=114930"},"modified":"2026-01-12T12:24:58","modified_gmt":"2026-01-12T11:24:58","slug":"golvskylt-info-sign-stand-a4","status":"publish","type":"product","link":"https:\/\/secureus.se\/fi\/golvskylt-info-sign-stand-a4\/","title":{"rendered":"Lattiakyltti INFO KILTTEILLE A4"},"content":{"rendered":"<p>Lattiakyltit tiedottavat ja suuntaavat vierailijoita ja sopivat erinomaisesti sis\u00e4\u00e4nk\u00e4yntiin, ravintoloihin, n\u00e4yttelyihin jne. INFO SIGN -kylttisarjassa on alumiiniset taka- ja reunalistat. Valkoinen tekstiarkki on suojassa heijastamattoman etupaneelin takana, joka liukuu reunaliuskoihin ja pysyy paikallaan kahdella mustalla kiinnikkeell\u00e4. Lattiateline koostuu raskaasta ja tukevasta jalusta, alumiinitelineest\u00e4 ja k\u00e4\u00e4nnett\u00e4v\u00e4st\u00e4 kyltist\u00e4 materiaalille A4 vaaka- tai pystysuunnassa. Kyltti voidaan sijoittaa 6 eri korkeuteen ja seisova kylttipaikan korkeus on 1,11-1,18 m. Vaakakyltill\u00e4 korkeus on 1,06 \u2013 1,13 m. Mukana asennusohjeet.<br \/>\nSuunnittele kyltti ilmaisella DURAPRINT\u00ae-ohjelmalla, joka on saatavilla osoitteessa www.duraprint.se. Tulosta lasertulostimella A4-arkeille, jotka tilataan erikseen.<br \/>\nLis\u00e4varusteet: T\u00e4ytt\u00f6 A4 arkki, tuotenumero 485602<\/p>","protected":false},"excerpt":{"rendered":"<p>Tallilattian kyltti TIETOkyltti A4. Kyltti\u00e4 voidaan k\u00e4ytt\u00e4\u00e4 pysty- tai vaakamuodossa.<\/p>","protected":false},"featured_media":135087,"template":"","meta":{"_acf_changed":false},"product_brand":[],"product_cat":[4304],"product_tag":[4382],"class_list":{"0":"post-114930","1":"product","2":"type-product","3":"status-publish","4":"has-post-thumbnail","6":"product_cat-broschyrstall-golvstativ","7":"product_tag-silver","8":"product_shipping_class-tunga-paket","9":"pa_brands-durable","10":"pa_farg-silver","11":"tm-no-options","13":"first","14":"instock","15":"sale","16":"taxable","17":"shipping-taxable","18":"purchasable","19":"product-type-simple"},"acf":[],"_links":{"self":[{"href":"https:\/\/secureus.se\/fi\/wp-json\/wp\/v2\/product\/114930","targetHints":{"allow":["GET"]}}],"collection":[{"href":"https:\/\/secureus.se\/fi\/wp-json\/wp\/v2\/product"}],"about":[{"href":"https:\/\/secureus.se\/fi\/wp-json\/wp\/v2\/types\/product"}],"wp:featuredmedia":[{"embeddable":true,"href":"https:\/\/secureus.se\/fi\/wp-json\/wp\/v2\/media\/135087"}],"wp:attachment":[{"href":"https:\/\/secureus.se\/fi\/wp-json\/wp\/v2\/media?parent=114930"}],"wp:term":[{"taxonomy":"product_brand","embeddable":true,"href":"https:\/\/secureus.se\/fi\/wp-json\/wp\/v2\/product_brand?post=114930"},{"taxonomy":"product_cat","embeddable":true,"href":"https:\/\/secureus.se\/fi\/wp-json\/wp\/v2\/product_cat?post=114930"},{"taxonomy":"product_tag","embeddable":true,"href":"https:\/\/secureus.se\/fi\/wp-json\/wp\/v2\/product_tag?post=114930"}],"curies":[{"name":"wp","href":"https:\/\/api.w.org\/{rel}","templated":true}]}}