{"id":114960,"date":"2024-11-20T13:58:04","date_gmt":"2024-11-20T12:58:04","guid":{"rendered":"https:\/\/secureus.se\/?post_type=product&#038;p=114960"},"modified":"2026-01-12T12:28:51","modified_gmt":"2026-01-12T11:28:51","slug":"inforam-duraframe-grip-a4-2","status":"publish","type":"product","link":"https:\/\/secureus.se\/fi\/inforam-duraframe-grip-a4-2\/","title":{"rendered":"Infokehys DURAFRAME\u00ae GRIP A4"},"content":{"rendered":"<p>K\u00e4yt\u00e4 DURAFRAME\u00ae GRIP -tietokehyksi\u00e4 tekstiiliseinille sijoitettavaan tietoon, esim. puhelinluetteloihin tai puhelinnumeroihin, joiden on oltava k\u00e4den ulottuvilla.<br \/>\nHelppo lis\u00e4t\u00e4 tai vaihtaa viestej\u00e4 nostamalla etuosaa magneettisuljuksella. Helppo asentaa \u2013 ilman ty\u00f6kaluja tai muita lis\u00e4varusteita \u2013 n\u00e4yt\u00f6n seinille, \u00e4\u00e4nenvaimentimille ja tekstiilisille ilmoitustauluille. Varmista, ett\u00e4 selk\u00e4osa ei joudu kosketuksiin vaatteiden kanssa, kun puet sen p\u00e4\u00e4lle, sill\u00e4 sel\u00e4n hieno tarranauhapinta voi vahingoittaa vaatteitasi. Kun irrotat kehyst\u00e4 tekstiilipinnasta, ved\u00e4 sit\u00e4 varovasti sivuttain vaakasuoraan. V\u00e4lt\u00e4 sen vet\u00e4mist\u00e4 irti ylh\u00e4\u00e4lt\u00e4 tai alhaalta. Siit\u00e4 voi tulla hieman kuoppaisia tai l\u00f6ystyvi\u00e4 lankoja tuotteen ollessa paikallaan. <\/p>\n<p>A4-kokoisille asiakirjoille. Ulkomitat 236\u00d7323 mm.<br \/>\nV\u00e4ri: hopea.<br \/>\nPakkauksessa 1 kpl.<\/p>","protected":false},"excerpt":{"rendered":"<p>Helppok\u00e4ytt\u00f6inen infokehys erityyppisille tiedoille kiinnitett\u00e4v\u00e4ksi tekstiiliseinille. A4-kokoisille asiakirjoille.<\/p>","protected":false},"featured_media":135024,"template":"","meta":{"_acf_changed":false},"product_brand":[],"product_cat":[4296],"product_tag":[4382],"class_list":{"0":"post-114960","1":"product","2":"type-product","3":"status-publish","4":"has-post-thumbnail","6":"product_cat-inforamar-for-slata-ytor","7":"product_tag-silver","8":"product_shipping_class-tunga-paket","9":"pa_brands-durable","10":"pa_farg-silver","11":"tm-no-options","13":"first","14":"instock","15":"sale","16":"taxable","17":"shipping-taxable","18":"purchasable","19":"product-type-simple"},"acf":[],"_links":{"self":[{"href":"https:\/\/secureus.se\/fi\/wp-json\/wp\/v2\/product\/114960","targetHints":{"allow":["GET"]}}],"collection":[{"href":"https:\/\/secureus.se\/fi\/wp-json\/wp\/v2\/product"}],"about":[{"href":"https:\/\/secureus.se\/fi\/wp-json\/wp\/v2\/types\/product"}],"wp:featuredmedia":[{"embeddable":true,"href":"https:\/\/secureus.se\/fi\/wp-json\/wp\/v2\/media\/135024"}],"wp:attachment":[{"href":"https:\/\/secureus.se\/fi\/wp-json\/wp\/v2\/media?parent=114960"}],"wp:term":[{"taxonomy":"product_brand","embeddable":true,"href":"https:\/\/secureus.se\/fi\/wp-json\/wp\/v2\/product_brand?post=114960"},{"taxonomy":"product_cat","embeddable":true,"href":"https:\/\/secureus.se\/fi\/wp-json\/wp\/v2\/product_cat?post=114960"},{"taxonomy":"product_tag","embeddable":true,"href":"https:\/\/secureus.se\/fi\/wp-json\/wp\/v2\/product_tag?post=114960"}],"curies":[{"name":"wp","href":"https:\/\/api.w.org\/{rel}","templated":true}]}}