{"id":114967,"date":"2024-11-20T14:07:27","date_gmt":"2024-11-20T13:07:27","guid":{"rendered":"https:\/\/secureus.se\/?post_type=product&#038;p=114967"},"modified":"2026-01-12T13:01:08","modified_gmt":"2026-01-12T12:01:08","slug":"flexiboxx-12-a4-staende-brochyrfack","status":"publish","type":"product","link":"https:\/\/secureus.se\/fi\/flexiboxx-12-a4-staende-brochyrfack\/","title":{"rendered":"FLEXIBOXX 12 A4 seisova esitealusta"},"content":{"rendered":"<p>Lomakelokero, esitehylly, postilaatikko - FLEXIBOXX on sarja tilaa s\u00e4\u00e4st\u00e4vi\u00e4, joustavia ja sein\u00e4\u00e4n kiinnitett\u00e4vi\u00e4 pidikkeit\u00e4 esitteille, aikakauslehdille, lomakkeille ja muille A4-muodossa oleville tiedoille. Jokaiseen osastoon mahtuu 24 mm paksuja nippuja. T\u00e4m\u00e4 on t\u00e4ydellinen sarja, jossa on 12 pystysuoraa alustaa, etupaneeli sek\u00e4 ruuveja ja tulppia. Kunkin yksitt\u00e4isen lokeron mitat ovat 24x34x3 cm (LxKxS). Sein\u00e4st\u00e4 ulosp\u00e4in koottuna ja asennettuna sen pituus on 13,5 cm, leveys 24 cm ja korkeus 111 cm.<\/p>","protected":false},"excerpt":{"rendered":"<p>T\u00e4ydellinen sarja, jossa on 12 esitealustaa FLEXIBOXX A4 pystysuunnassa ja etulevy.<\/p>","protected":false},"featured_media":133887,"template":"","meta":{"_acf_changed":false},"product_brand":[],"product_cat":[4280],"product_tag":[4381],"class_list":{"0":"post-114967","1":"product","2":"type-product","3":"status-publish","4":"has-post-thumbnail","6":"product_cat-broschyrstall","7":"product_tag-svart","8":"product_shipping_class-tunga-paket","9":"pa_brands-durable","10":"pa_farg-svart","11":"tm-no-options","13":"first","14":"instock","15":"sale","16":"taxable","17":"shipping-taxable","18":"purchasable","19":"product-type-simple"},"acf":[],"_links":{"self":[{"href":"https:\/\/secureus.se\/fi\/wp-json\/wp\/v2\/product\/114967","targetHints":{"allow":["GET"]}}],"collection":[{"href":"https:\/\/secureus.se\/fi\/wp-json\/wp\/v2\/product"}],"about":[{"href":"https:\/\/secureus.se\/fi\/wp-json\/wp\/v2\/types\/product"}],"wp:featuredmedia":[{"embeddable":true,"href":"https:\/\/secureus.se\/fi\/wp-json\/wp\/v2\/media\/133887"}],"wp:attachment":[{"href":"https:\/\/secureus.se\/fi\/wp-json\/wp\/v2\/media?parent=114967"}],"wp:term":[{"taxonomy":"product_brand","embeddable":true,"href":"https:\/\/secureus.se\/fi\/wp-json\/wp\/v2\/product_brand?post=114967"},{"taxonomy":"product_cat","embeddable":true,"href":"https:\/\/secureus.se\/fi\/wp-json\/wp\/v2\/product_cat?post=114967"},{"taxonomy":"product_tag","embeddable":true,"href":"https:\/\/secureus.se\/fi\/wp-json\/wp\/v2\/product_tag?post=114967"}],"curies":[{"name":"wp","href":"https:\/\/api.w.org\/{rel}","templated":true}]}}