{"id":114986,"date":"2024-11-20T14:02:48","date_gmt":"2024-11-20T13:02:48","guid":{"rendered":"https:\/\/secureus.se\/?post_type=product&#038;p=114986"},"modified":"2026-01-12T12:52:25","modified_gmt":"2026-01-12T11:52:25","slug":"combiboxx-1-3-a4","status":"publish","type":"product","link":"https:\/\/secureus.se\/fi\/combiboxx-1-3-a4\/","title":{"rendered":"COMBIBOXX 1\/3 A4"},"content":{"rendered":"<p>Yhdist\u00e4 itsellesi sopivaksi laajennettavan ja monik\u00e4ytt\u00f6isen COMBIBOXX-sarjan kanssa. T\u00e4m\u00e4 lokero on tarkoitettu 1\/3 A4- tai A6-formaatille (maksimikoko 210\u00d7116 mm), kuten myyntiesitteille, tuotelehdille ja esitteille messuilla, n\u00e4yttelyiss\u00e4 ja vastaanotoissa. Riippuen selk\u00e4nojan asennuksesta, lokero voidaan sijoittaa p\u00f6yd\u00e4lle tai kiinnitt\u00e4\u00e4 sein\u00e4\u00e4n. Lokeroon mahtuu 24 mm paksuja nippuja. Setti sis\u00e4lt\u00e4\u00e4 1 lokeron, 2 takaosaa, 1 etupaneelin, 1 sovitinkiskon yhdistett\u00e4v\u00e4ksi COMBIBOXX A4:n kanssa, asennusohjeet sek\u00e4 ruuvin ja tulpan.<br \/>\nMitat p\u00f6yt\u00e4telineen\u00e4 20x12x12 cm KxLxS<br \/>\nMitat sein\u00e4telineen\u00e4 21x12x11 cm KxLxS<\/p>","protected":false},"excerpt":{"rendered":"<p>Esiteteline COMBIBOXX 1\/3 A4 pysty- tai A6-kokoiselle. Voidaan k\u00e4ytt\u00e4\u00e4 p\u00f6yt\u00e4n\u00e4 tai sein\u00e4telineen\u00e4. Laajennettavissa.<\/p>","protected":false},"featured_media":134793,"template":"","meta":{"_acf_changed":false},"product_brand":[],"product_cat":[4280],"product_tag":[4376],"class_list":{"0":"post-114986","1":"product","2":"type-product","3":"status-publish","4":"has-post-thumbnail","6":"product_cat-broschyrstall","7":"product_tag-transparent","8":"product_shipping_class-tunga-paket","9":"pa_brands-durable","10":"pa_farg-transparent","11":"tm-no-options","13":"first","14":"instock","15":"sale","16":"taxable","17":"shipping-taxable","18":"purchasable","19":"product-type-simple"},"acf":[],"_links":{"self":[{"href":"https:\/\/secureus.se\/fi\/wp-json\/wp\/v2\/product\/114986","targetHints":{"allow":["GET"]}}],"collection":[{"href":"https:\/\/secureus.se\/fi\/wp-json\/wp\/v2\/product"}],"about":[{"href":"https:\/\/secureus.se\/fi\/wp-json\/wp\/v2\/types\/product"}],"wp:featuredmedia":[{"embeddable":true,"href":"https:\/\/secureus.se\/fi\/wp-json\/wp\/v2\/media\/134793"}],"wp:attachment":[{"href":"https:\/\/secureus.se\/fi\/wp-json\/wp\/v2\/media?parent=114986"}],"wp:term":[{"taxonomy":"product_brand","embeddable":true,"href":"https:\/\/secureus.se\/fi\/wp-json\/wp\/v2\/product_brand?post=114986"},{"taxonomy":"product_cat","embeddable":true,"href":"https:\/\/secureus.se\/fi\/wp-json\/wp\/v2\/product_cat?post=114986"},{"taxonomy":"product_tag","embeddable":true,"href":"https:\/\/secureus.se\/fi\/wp-json\/wp\/v2\/product_tag?post=114986"}],"curies":[{"name":"wp","href":"https:\/\/api.w.org\/{rel}","templated":true}]}}