{"id":114999,"date":"2024-11-20T14:02:48","date_gmt":"2024-11-20T13:02:48","guid":{"rendered":"https:\/\/secureus.se\/?post_type=product&#038;p=114999"},"modified":"2026-01-12T12:52:14","modified_gmt":"2026-01-12T11:52:14","slug":"combiboxx-a4-set-l","status":"publish","type":"product","link":"https:\/\/secureus.se\/fi\/combiboxx-a4-set-l\/","title":{"rendered":"COMBIBOXX A4 SET L"},"content":{"rendered":"<p>Yhdist\u00e4 itsellesi sopivaksi laajennettavaan ja monik\u00e4ytt\u00f6iseen COMBIBOXX-sarjaan. T\u00e4m\u00e4 3-osastoinen setti on tarkoitettu A4 muotokuvalle (koko enint\u00e4\u00e4n 311 \u00d7 240 mm), kuten myyntiesitteille, tuotelehdille ja esitteille messuilla, n\u00e4yttelyiss\u00e4 ja vastaanotoissa. Riippuen selk\u00e4nojan asennuksesta, sarja voidaan asettaa p\u00f6yd\u00e4lle tai kiinnitt\u00e4\u00e4 sein\u00e4lle. Jokaiseen osastoon mahtuu 24 mm paksuja nippuja. Setti sis\u00e4lt\u00e4\u00e4 3 lokeroa, 2 takaosaa, 1 etupaneelin, asennusohjeet sek\u00e4 ruuvit ja tulpat.<br \/>\nMitat p\u00f6yt\u00e4telineen\u00e4 29x24x22 cm KxLxS<br \/>\nMitat sein\u00e4telineen\u00e4 44,5x24x15 cmKxLxS<br \/>\nLis\u00e4varusteet: Jatkolokero tuotenumero 857919<\/p>","protected":false},"excerpt":{"rendered":"<p>Esiteteline COMBIBOXX A4 muotokuvalle. Setti, jossa on 3 lokeroa, jota voidaan k\u00e4ytt\u00e4\u00e4 p\u00f6yt\u00e4n\u00e4 tai sein\u00e4telineen\u00e4. Laajennettavissa.<\/p>","protected":false},"featured_media":134781,"template":"","meta":{"_acf_changed":false},"product_brand":[],"product_cat":[4280],"product_tag":[4376],"class_list":{"0":"post-114999","1":"product","2":"type-product","3":"status-publish","4":"has-post-thumbnail","6":"product_cat-broschyrstall","7":"product_tag-transparent","8":"product_shipping_class-tunga-paket","9":"pa_brands-durable","10":"pa_farg-transparent","11":"tm-no-options","13":"first","14":"instock","15":"sale","16":"taxable","17":"shipping-taxable","18":"purchasable","19":"product-type-simple"},"acf":[],"_links":{"self":[{"href":"https:\/\/secureus.se\/fi\/wp-json\/wp\/v2\/product\/114999","targetHints":{"allow":["GET"]}}],"collection":[{"href":"https:\/\/secureus.se\/fi\/wp-json\/wp\/v2\/product"}],"about":[{"href":"https:\/\/secureus.se\/fi\/wp-json\/wp\/v2\/types\/product"}],"wp:featuredmedia":[{"embeddable":true,"href":"https:\/\/secureus.se\/fi\/wp-json\/wp\/v2\/media\/134781"}],"wp:attachment":[{"href":"https:\/\/secureus.se\/fi\/wp-json\/wp\/v2\/media?parent=114999"}],"wp:term":[{"taxonomy":"product_brand","embeddable":true,"href":"https:\/\/secureus.se\/fi\/wp-json\/wp\/v2\/product_brand?post=114999"},{"taxonomy":"product_cat","embeddable":true,"href":"https:\/\/secureus.se\/fi\/wp-json\/wp\/v2\/product_cat?post=114999"},{"taxonomy":"product_tag","embeddable":true,"href":"https:\/\/secureus.se\/fi\/wp-json\/wp\/v2\/product_tag?post=114999"}],"curies":[{"name":"wp","href":"https:\/\/api.w.org\/{rel}","templated":true}]}}