{"id":115036,"date":"2024-11-20T14:41:22","date_gmt":"2024-11-20T13:41:22","guid":{"rendered":"https:\/\/secureus.se\/?post_type=product&#038;p=115036"},"modified":"2026-01-12T12:28:58","modified_gmt":"2026-01-12T11:28:58","slug":"magnetram-duraframe-magnetic-note-a4-2","status":"publish","type":"product","link":"https:\/\/secureus.se\/fi\/magnetram-duraframe-magnetic-note-a4-2\/","title":{"rendered":"Magneettikehys DURAFRAME\u00ae MAGNETIC HUOMAA A4"},"content":{"rendered":"<p>K\u00e4yt\u00e4 magneettisesti liimautuvaa tietokehyst\u00e4 DURAFRAME\u00ae MAGNETIC NOTE esimerkiksi tarkistuslistoille, joissa huomautukset on teht\u00e4v\u00e4 suoraan paperille.<br \/>\nViestien asettaminen tai vaihtaminen on helppoa nostamalla etuosaa magneettisuljuksella kaikilla kolmella avattavalla sivulla. Alemman muovilevyn takana on magneettinauhat koko rungon ymp\u00e4rill\u00e4 esimerkiksi tauluille, kaappeihin ja metalliseiniin sijoittamista varten.<br \/>\nSis\u00e4lt\u00e4\u00e4 jopa 5 80 g A4-arkkia, kuten siivousaikataulut, rekister\u00f6intiluettelot tai huoltotarkastukset, joissa sinun on teht\u00e4v\u00e4 muistiinpanoja suoraan arkille. Toisella puolella kyn\u00e4pidike.<br \/>\nPakkauksessa 1 kpl.<\/p>","protected":false},"excerpt":{"rendered":"<p>Magneettinen kehys muistiinpanoille suoraan paperille. K\u00e4ytett\u00e4v\u00e4ksi metallipinnoilla.<\/p>","protected":false},"featured_media":133592,"template":"","meta":{"_acf_changed":false},"product_brand":[],"product_cat":[4295],"product_tag":[4381],"class_list":{"0":"post-115036","1":"product","2":"type-product","3":"status-publish","4":"has-post-thumbnail","6":"product_cat-inforamar-for-metallytor","7":"product_tag-svart","8":"product_shipping_class-tunga-paket","9":"pa_brands-durable","10":"pa_farg-svart","11":"tm-no-options","13":"first","14":"instock","15":"sale","16":"taxable","17":"shipping-taxable","18":"purchasable","19":"product-type-simple"},"acf":[],"_links":{"self":[{"href":"https:\/\/secureus.se\/fi\/wp-json\/wp\/v2\/product\/115036","targetHints":{"allow":["GET"]}}],"collection":[{"href":"https:\/\/secureus.se\/fi\/wp-json\/wp\/v2\/product"}],"about":[{"href":"https:\/\/secureus.se\/fi\/wp-json\/wp\/v2\/types\/product"}],"wp:featuredmedia":[{"embeddable":true,"href":"https:\/\/secureus.se\/fi\/wp-json\/wp\/v2\/media\/133592"}],"wp:attachment":[{"href":"https:\/\/secureus.se\/fi\/wp-json\/wp\/v2\/media?parent=115036"}],"wp:term":[{"taxonomy":"product_brand","embeddable":true,"href":"https:\/\/secureus.se\/fi\/wp-json\/wp\/v2\/product_brand?post=115036"},{"taxonomy":"product_cat","embeddable":true,"href":"https:\/\/secureus.se\/fi\/wp-json\/wp\/v2\/product_cat?post=115036"},{"taxonomy":"product_tag","embeddable":true,"href":"https:\/\/secureus.se\/fi\/wp-json\/wp\/v2\/product_tag?post=115036"}],"curies":[{"name":"wp","href":"https:\/\/api.w.org\/{rel}","templated":true}]}}