{"id":115049,"date":"2024-11-20T14:03:11","date_gmt":"2024-11-20T13:03:11","guid":{"rendered":"https:\/\/secureus.se\/?post_type=product&#038;p=115049"},"modified":"2026-01-12T12:52:35","modified_gmt":"2026-01-12T11:52:35","slug":"combiboxx-pro","status":"publish","type":"product","link":"https:\/\/secureus.se\/fi\/combiboxx-pro\/","title":{"rendered":"COMBIBOXX PRO"},"content":{"rendered":"<p>Yhdist\u00e4 itsellesi sopivaksi laajennettavan \u00e4lykk\u00e4\u00e4n ja monik\u00e4ytt\u00f6isen COMBIBOXX-sarjan kanssa. COMBIBOXX PRO on setti A4-alustalla (max. koko 311\u00d7240 mm) ja 1\/3 A4- tai A6-alustalla (max. koko 210\u00d7116 mm) esimerkiksi myyntiesitteisiin, tuotelehtiin ja esitteisiin messuilla, n\u00e4yttelyiss\u00e4. ja vastaanotot. Selk\u00e4nojan kokoonpanosta riippuen sarja voidaan asettaa p\u00f6yd\u00e4lle tai kiinnitt\u00e4\u00e4 sein\u00e4lle. Jokaiseen osastoon mahtuu 24 mm paksuja nippuja. Setti sis\u00e4lt\u00e4\u00e4 1 A4-lokeron, 4 1\/3 A4 (A6)-osastoa, 2 takaosaa, 1 etupaneelin, 1 sovitinkiskon yhdistett\u00e4v\u00e4ksi COMBIBOXX A4:n kanssa, asennusohjeet sek\u00e4 ruuvin ja tulpan.<br \/>\nMitat p\u00f6yt\u00e4telineen\u00e4 29 x 24 x 23 cm K x L x S<br \/>\nMitat sein\u00e4telineen\u00e4 44,5x24x15 cm KxLxS<br \/>\nLis\u00e4varusteet: Jatkoalusta A4 tuotenumero 857919<\/p>","protected":false},"excerpt":{"rendered":"<p>Esiteteline COMBIBOXX PRO, jossa on yhdistelm\u00e4 lokeroja sek\u00e4 A4- ett\u00e4 1\/3 A4-muotoiselle muotokuvalle tai A6-formaatille, jota voidaan k\u00e4ytt\u00e4\u00e4 p\u00f6yt\u00e4- tai sein\u00e4telineen\u00e4. <\/p>","protected":false},"featured_media":134658,"template":"","meta":{"_acf_changed":false},"product_brand":[],"product_cat":[4280],"product_tag":[4376],"class_list":{"0":"post-115049","1":"product","2":"type-product","3":"status-publish","4":"has-post-thumbnail","6":"product_cat-broschyrstall","7":"product_tag-transparent","8":"product_shipping_class-tunga-paket","9":"pa_brands-durable","10":"pa_farg-transparent","11":"tm-no-options","13":"first","14":"instock","15":"sale","16":"taxable","17":"shipping-taxable","18":"purchasable","19":"product-type-simple"},"acf":[],"_links":{"self":[{"href":"https:\/\/secureus.se\/fi\/wp-json\/wp\/v2\/product\/115049","targetHints":{"allow":["GET"]}}],"collection":[{"href":"https:\/\/secureus.se\/fi\/wp-json\/wp\/v2\/product"}],"about":[{"href":"https:\/\/secureus.se\/fi\/wp-json\/wp\/v2\/types\/product"}],"wp:featuredmedia":[{"embeddable":true,"href":"https:\/\/secureus.se\/fi\/wp-json\/wp\/v2\/media\/134658"}],"wp:attachment":[{"href":"https:\/\/secureus.se\/fi\/wp-json\/wp\/v2\/media?parent=115049"}],"wp:term":[{"taxonomy":"product_brand","embeddable":true,"href":"https:\/\/secureus.se\/fi\/wp-json\/wp\/v2\/product_brand?post=115049"},{"taxonomy":"product_cat","embeddable":true,"href":"https:\/\/secureus.se\/fi\/wp-json\/wp\/v2\/product_cat?post=115049"},{"taxonomy":"product_tag","embeddable":true,"href":"https:\/\/secureus.se\/fi\/wp-json\/wp\/v2\/product_tag?post=115049"}],"curies":[{"name":"wp","href":"https:\/\/api.w.org\/{rel}","templated":true}]}}