{"id":115050,"date":"2024-11-20T14:41:22","date_gmt":"2024-11-20T13:41:22","guid":{"rendered":"https:\/\/secureus.se\/?post_type=product&#038;p=115050"},"modified":"2026-01-12T12:28:42","modified_gmt":"2026-01-12T11:28:42","slug":"magnetram-duraframe-magnetic-plus-a4-2","status":"publish","type":"product","link":"https:\/\/secureus.se\/fi\/magnetram-duraframe-magnetic-plus-a4-2\/","title":{"rendered":"Magneettikehys DURAFRAME\u00ae MAGNETIC PLUS A4"},"content":{"rendered":"<p>K\u00e4yt\u00e4 DURAFRAME\u00ae MAGNETIC PLUS magneettisesti liimautuvaa infokehyst\u00e4 v\u00e4liaikaisen tai pysyv\u00e4mm\u00e4n tiedon n\u00e4ytt\u00e4miseen ja esitt\u00e4miseen ammattimaisella tavalla.<br \/>\nAsiakirja on suojattu kahden muovilevyn v\u00e4liss\u00e4, joita pidet\u00e4\u00e4n yhdess\u00e4 magneettisuljuksella kaikilla kolmella avattavalla sivulla. Hyv\u00e4 muun muassa tuotanto-, keitti\u00f6- ja saniteettiymp\u00e4rist\u00f6iss\u00e4. Tietojen vaihtaminen on helppoa - nosta etusivu, vaihda lis\u00e4osa, taita sivu uudelleen alas. Alemman muovilevyn takaosassa on koko rungon ymp\u00e4rill\u00e4 magneettinauhat, jotka kiinnittyv\u00e4t alustaan, kuten valkotauluihin, hoitokaappeihin ja metalliseiniin.<br \/>\nA4-kokoisille asiakirjoille. Ulkomitat 236\u00d7323 mm.<br \/>\nPakkauksessa 1 kpl.<\/p>","protected":false},"excerpt":{"rendered":"<p>Magneettinen kehys n\u00e4ytt\u00e4\u00e4 tiedot siististi. Asiakirja on suojattu kahden muoviarkin v\u00e4liss\u00e4 ja on helppo vaihtaa t\u00e4\u00e4lt\u00e4.<\/p>","protected":false},"featured_media":133587,"template":"","meta":{"_acf_changed":false},"product_brand":[],"product_cat":[4295],"product_tag":[4382],"class_list":{"0":"post-115050","1":"product","2":"type-product","3":"status-publish","4":"has-post-thumbnail","6":"product_cat-inforamar-for-metallytor","7":"product_tag-silver","8":"product_shipping_class-tunga-paket","9":"pa_brands-durable","10":"pa_farg-silver","11":"tm-no-options","13":"first","14":"instock","15":"sale","16":"taxable","17":"shipping-taxable","18":"purchasable","19":"product-type-simple"},"acf":[],"_links":{"self":[{"href":"https:\/\/secureus.se\/fi\/wp-json\/wp\/v2\/product\/115050","targetHints":{"allow":["GET"]}}],"collection":[{"href":"https:\/\/secureus.se\/fi\/wp-json\/wp\/v2\/product"}],"about":[{"href":"https:\/\/secureus.se\/fi\/wp-json\/wp\/v2\/types\/product"}],"wp:featuredmedia":[{"embeddable":true,"href":"https:\/\/secureus.se\/fi\/wp-json\/wp\/v2\/media\/133587"}],"wp:attachment":[{"href":"https:\/\/secureus.se\/fi\/wp-json\/wp\/v2\/media?parent=115050"}],"wp:term":[{"taxonomy":"product_brand","embeddable":true,"href":"https:\/\/secureus.se\/fi\/wp-json\/wp\/v2\/product_brand?post=115050"},{"taxonomy":"product_cat","embeddable":true,"href":"https:\/\/secureus.se\/fi\/wp-json\/wp\/v2\/product_cat?post=115050"},{"taxonomy":"product_tag","embeddable":true,"href":"https:\/\/secureus.se\/fi\/wp-json\/wp\/v2\/product_tag?post=115050"}],"curies":[{"name":"wp","href":"https:\/\/api.w.org\/{rel}","templated":true}]}}