{"id":115069,"date":"2024-11-20T13:57:47","date_gmt":"2024-11-20T12:57:47","guid":{"rendered":"https:\/\/secureus.se\/?post_type=product&#038;p=115069"},"modified":"2026-01-12T12:24:37","modified_gmt":"2026-01-12T11:24:37","slug":"dorrskylt-info-sign-149x210-a5-staende","status":"publish","type":"product","link":"https:\/\/secureus.se\/fi\/dorrskylt-info-sign-149x210-a5-staende\/","title":{"rendered":"Ovikyltti INFO SIGN 149\u00d7210 (A5 muotokuva)"},"content":{"rendered":"<p>Tyylikk\u00e4\u00e4t erimuotoiset ovi- ja sein\u00e4kyltit auttavat vierailijaa orientoitumaan ja kertomaan kuka, mik\u00e4 osasto, toiminto tai kokoustila miss\u00e4kin tiloissa sijaitsee. INFO SIGN -kylttisarjassa on alumiiniset taka- ja reunalistat. Valkoinen tekstiarkki on suojassa heijastamattoman etupaneelin takana, joka liukuu reunaliuskoihin ja pysyy paikallaan kahdella mustalla kiinnikkeell\u00e4. Mukana malli reikien poraamiseen, asennusohjeet, valkoinen v\u00e4lilevy, ruuvi, tulppa ja kiinnitystyynyt. Suunnittele t\u00e4m\u00e4 pystysuora A5-kyltti (149\u00d7210) k\u00e4ytt\u00e4m\u00e4ll\u00e4 ilmaista DURAPRINT\u00ae-ohjelmaa, joka on saatavilla osoitteessa www.duraprint.se. Tulosta A4-arkeille 1 tarra per arkki, joka tilataan erikseen.<br \/>\nLis\u00e4varusteet: A4-arkki tulostukseen lasertulostimella, tuotenumero 485302. <\/p>","protected":false},"excerpt":{"rendered":"<p>Tyylik\u00e4s ovikyltti pystysuunnassa A5, 149x210mm. Valmistettu alumiinista, heijastamaton etupaneeli akryylimuovista.<\/p>","protected":false},"featured_media":135071,"template":"","meta":{"_acf_changed":false},"product_brand":[],"product_cat":[4265,4206],"product_tag":[4382],"class_list":{"0":"post-115069","1":"product","2":"type-product","3":"status-publish","4":"has-post-thumbnail","6":"product_cat-dorrskyltar-i-alumunium","7":"product_cat-kontor-lager","8":"product_tag-silver","9":"product_shipping_class-tunga-paket","10":"pa_brands-durable","11":"pa_farg-silver","12":"tm-no-options","14":"first","15":"instock","16":"sale","17":"taxable","18":"shipping-taxable","19":"purchasable","20":"product-type-simple"},"acf":[],"_links":{"self":[{"href":"https:\/\/secureus.se\/fi\/wp-json\/wp\/v2\/product\/115069","targetHints":{"allow":["GET"]}}],"collection":[{"href":"https:\/\/secureus.se\/fi\/wp-json\/wp\/v2\/product"}],"about":[{"href":"https:\/\/secureus.se\/fi\/wp-json\/wp\/v2\/types\/product"}],"wp:featuredmedia":[{"embeddable":true,"href":"https:\/\/secureus.se\/fi\/wp-json\/wp\/v2\/media\/135071"}],"wp:attachment":[{"href":"https:\/\/secureus.se\/fi\/wp-json\/wp\/v2\/media?parent=115069"}],"wp:term":[{"taxonomy":"product_brand","embeddable":true,"href":"https:\/\/secureus.se\/fi\/wp-json\/wp\/v2\/product_brand?post=115069"},{"taxonomy":"product_cat","embeddable":true,"href":"https:\/\/secureus.se\/fi\/wp-json\/wp\/v2\/product_cat?post=115069"},{"taxonomy":"product_tag","embeddable":true,"href":"https:\/\/secureus.se\/fi\/wp-json\/wp\/v2\/product_tag?post=115069"}],"curies":[{"name":"wp","href":"https:\/\/api.w.org\/{rel}","templated":true}]}}