{"id":115084,"date":"2024-11-20T13:57:47","date_gmt":"2024-11-20T12:57:47","guid":{"rendered":"https:\/\/secureus.se\/?post_type=product&#038;p=115084"},"modified":"2026-01-12T12:23:58","modified_gmt":"2026-01-12T11:23:58","slug":"dorrskylt-info-sign-149x52","status":"publish","type":"product","link":"https:\/\/secureus.se\/fi\/dorrskylt-info-sign-149x52\/","title":{"rendered":"Ovikyltti INFO KILTTI 149\u00d752"},"content":{"rendered":"<p>Tyylikk\u00e4\u00e4t erimuotoiset ovi- ja sein\u00e4kyltit auttavat vierailijaa orientoitumaan ja kertomaan kuka, mik\u00e4 osasto, toiminto tai kokoustila miss\u00e4kin tiloissa sijaitsee. INFO SIGN -kylttisarjassa on alumiiniset taka- ja reunalistat. Valkoinen tekstillinen arkki on suojassa heijastamattoman etupaneelin takana, joka liukuu reunalistoihin ja pysyy paikallaan kahdella mustalla kiinnikkeell\u00e4. Mukana tulee porareik\u00e4malli, asennusohjeet, valkoinen v\u00e4lilevy, ruuvi, tulppa ja kiinnitystyynyt. Suunnittele t\u00e4m\u00e4 pieni kyltti (149\u00d752) k\u00e4ytt\u00e4m\u00e4ll\u00e4 ilmaista DURAPRINT\u00ae-ohjelmaa, joka on saatavilla osoitteessa www.duraprint.se. Tulosta A4-arkeille, 5 tarraa per arkki, jotka tilataan erikseen.<br \/>\nTarvikkeet: A4-arkki tulostukseen lasertulostimella, tuotenumero 485002. <\/p>","protected":false},"excerpt":{"rendered":"<p>Tyylik\u00e4s ovikyltti muodossa 149x52mm. Valmistettu alumiinista, heijastamaton etupaneeli akryylimuovista.<\/p>","protected":false},"featured_media":134722,"template":"","meta":{"_acf_changed":false},"product_brand":[],"product_cat":[4265],"product_tag":[4382],"class_list":{"0":"post-115084","1":"product","2":"type-product","3":"status-publish","4":"has-post-thumbnail","6":"product_cat-dorrskyltar-i-alumunium","7":"product_tag-silver","8":"product_shipping_class-tunga-paket","9":"pa_brands-durable","10":"pa_farg-silver","11":"tm-no-options","13":"first","14":"instock","15":"sale","16":"taxable","17":"shipping-taxable","18":"purchasable","19":"product-type-simple"},"acf":[],"_links":{"self":[{"href":"https:\/\/secureus.se\/fi\/wp-json\/wp\/v2\/product\/115084","targetHints":{"allow":["GET"]}}],"collection":[{"href":"https:\/\/secureus.se\/fi\/wp-json\/wp\/v2\/product"}],"about":[{"href":"https:\/\/secureus.se\/fi\/wp-json\/wp\/v2\/types\/product"}],"wp:featuredmedia":[{"embeddable":true,"href":"https:\/\/secureus.se\/fi\/wp-json\/wp\/v2\/media\/134722"}],"wp:attachment":[{"href":"https:\/\/secureus.se\/fi\/wp-json\/wp\/v2\/media?parent=115084"}],"wp:term":[{"taxonomy":"product_brand","embeddable":true,"href":"https:\/\/secureus.se\/fi\/wp-json\/wp\/v2\/product_brand?post=115084"},{"taxonomy":"product_cat","embeddable":true,"href":"https:\/\/secureus.se\/fi\/wp-json\/wp\/v2\/product_cat?post=115084"},{"taxonomy":"product_tag","embeddable":true,"href":"https:\/\/secureus.se\/fi\/wp-json\/wp\/v2\/product_tag?post=115084"}],"curies":[{"name":"wp","href":"https:\/\/api.w.org\/{rel}","templated":true}]}}