{"id":115085,"date":"2024-11-20T14:07:55","date_gmt":"2024-11-20T13:07:55","guid":{"rendered":"https:\/\/secureus.se\/?post_type=product&#038;p=115085"},"modified":"2026-01-12T12:57:07","modified_gmt":"2026-01-12T11:57:07","slug":"flexiboxx-a4-staende-utbyggnadfack","status":"publish","type":"product","link":"https:\/\/secureus.se\/fi\/flexiboxx-a4-staende-utbyggnadfack\/","title":{"rendered":"FLEXIBOXX A4 pystysuora laajennusosasto"},"content":{"rendered":"<p>Lomakelokero, esitehylly, postilaatikko - FLEXIBOXX on sarja tilaa s\u00e4\u00e4st\u00e4vi\u00e4, joustavia ja sein\u00e4\u00e4n kiinnitett\u00e4vi\u00e4 pidikkeit\u00e4 esitteille, aikakauslehdille, lomakkeille ja muille A4-muodossa oleville tiedoille. Jokaiseen osastoon mahtuu 24 mm paksuja nippuja. T\u00e4t\u00e4 yksitt\u00e4ist\u00e4 pystysuuntaista lokeroa voidaan k\u00e4ytt\u00e4\u00e4 sellaisten sarjojen laajentamiseen, joissa sinulla on jo etupaneeli. Osaston mitat ovat 24x34x3 cm (LxKxS) ja sein\u00e4st\u00e4 ulosp\u00e4in asennettuna se rakentaa 1,35 cm.<br \/>\nLis\u00e4varusteet: L\u00e4pin\u00e4kyv\u00e4 etulevy tuotenumero 1701498400<\/p>","protected":false},"excerpt":{"rendered":"<p>Laajennusosasto esiteosaston laajentamista varten FLEXIBOXX A4 muotokuva.<\/p>","protected":false},"featured_media":133678,"template":"","meta":{"_acf_changed":false},"product_brand":[],"product_cat":[4280],"product_tag":[4396],"class_list":{"0":"post-115085","1":"product","2":"type-product","3":"status-publish","4":"has-post-thumbnail","6":"product_cat-broschyrstall","7":"product_tag-vit","8":"product_shipping_class-tunga-paket","9":"pa_brands-durable","10":"pa_farg-vit","11":"tm-no-options","13":"first","14":"instock","15":"sale","16":"taxable","17":"shipping-taxable","18":"purchasable","19":"product-type-simple"},"acf":[],"_links":{"self":[{"href":"https:\/\/secureus.se\/fi\/wp-json\/wp\/v2\/product\/115085","targetHints":{"allow":["GET"]}}],"collection":[{"href":"https:\/\/secureus.se\/fi\/wp-json\/wp\/v2\/product"}],"about":[{"href":"https:\/\/secureus.se\/fi\/wp-json\/wp\/v2\/types\/product"}],"wp:featuredmedia":[{"embeddable":true,"href":"https:\/\/secureus.se\/fi\/wp-json\/wp\/v2\/media\/133678"}],"wp:attachment":[{"href":"https:\/\/secureus.se\/fi\/wp-json\/wp\/v2\/media?parent=115085"}],"wp:term":[{"taxonomy":"product_brand","embeddable":true,"href":"https:\/\/secureus.se\/fi\/wp-json\/wp\/v2\/product_brand?post=115085"},{"taxonomy":"product_cat","embeddable":true,"href":"https:\/\/secureus.se\/fi\/wp-json\/wp\/v2\/product_cat?post=115085"},{"taxonomy":"product_tag","embeddable":true,"href":"https:\/\/secureus.se\/fi\/wp-json\/wp\/v2\/product_tag?post=115085"}],"curies":[{"name":"wp","href":"https:\/\/api.w.org\/{rel}","templated":true}]}}