{"id":115100,"date":"2024-11-20T13:57:47","date_gmt":"2024-11-20T12:57:47","guid":{"rendered":"https:\/\/secureus.se\/?post_type=product&#038;p=115100"},"modified":"2026-01-12T12:26:14","modified_gmt":"2026-01-12T11:26:14","slug":"etiketter-info-sign-210x1485-a5-refill","status":"publish","type":"product","link":"https:\/\/secureus.se\/fi\/etiketter-info-sign-210x1485-a5-refill\/","title":{"rendered":"Tarrat TIETOkyltti 210\u00d7148,5 (A5) t\u00e4ytt\u00f6"},"content":{"rendered":"<p>Valkoinen 160 gr A4-arkki, joka sopii vaakasuoraan A5-muotoon INFO SIGN 4805 ja CLICK SIGN 4866 kylteihin. Suunnittele kyltti ilmaisella DURAPRINT\u00ae-ohjelmalla, joka on saatavilla osoitteessa www.duraprint.se, ja tulosta lasertulostimella. Pakkaus sis\u00e4lt\u00e4\u00e4 10 arkkia ja 2 kylttilis\u00e4osaa\/arkki. Lakanat ovat rei&#039;itettyj\u00e4 ja helppo repi\u00e4 pois.<\/p>","protected":false},"excerpt":{"rendered":"<p>10 valkoista lis\u00e4osaa kylteille INFO SIGN 4805 ja CLICK SIGN 4866, vaaka A5 (210\u00d7148,5 mm).<\/p>","protected":false},"featured_media":135064,"template":"","meta":{"_acf_changed":false},"product_brand":[],"product_cat":[4265,4263],"product_tag":[4396],"class_list":{"0":"post-115100","1":"product","2":"type-product","3":"status-publish","4":"has-post-thumbnail","6":"product_cat-dorrskyltar-i-alumunium","7":"product_cat-dorrskyltar-i-plast","8":"product_tag-vit","9":"product_shipping_class-tunga-paket","10":"pa_brands-durable","11":"pa_farg-vit","12":"tm-no-options","14":"first","15":"instock","16":"sale","17":"taxable","18":"shipping-taxable","19":"purchasable","20":"product-type-simple"},"acf":[],"_links":{"self":[{"href":"https:\/\/secureus.se\/fi\/wp-json\/wp\/v2\/product\/115100","targetHints":{"allow":["GET"]}}],"collection":[{"href":"https:\/\/secureus.se\/fi\/wp-json\/wp\/v2\/product"}],"about":[{"href":"https:\/\/secureus.se\/fi\/wp-json\/wp\/v2\/types\/product"}],"wp:featuredmedia":[{"embeddable":true,"href":"https:\/\/secureus.se\/fi\/wp-json\/wp\/v2\/media\/135064"}],"wp:attachment":[{"href":"https:\/\/secureus.se\/fi\/wp-json\/wp\/v2\/media?parent=115100"}],"wp:term":[{"taxonomy":"product_brand","embeddable":true,"href":"https:\/\/secureus.se\/fi\/wp-json\/wp\/v2\/product_brand?post=115100"},{"taxonomy":"product_cat","embeddable":true,"href":"https:\/\/secureus.se\/fi\/wp-json\/wp\/v2\/product_cat?post=115100"},{"taxonomy":"product_tag","embeddable":true,"href":"https:\/\/secureus.se\/fi\/wp-json\/wp\/v2\/product_tag?post=115100"}],"curies":[{"name":"wp","href":"https:\/\/api.w.org\/{rel}","templated":true}]}}