{"id":115104,"date":"2024-11-20T13:55:22","date_gmt":"2024-11-20T12:55:22","guid":{"rendered":"https:\/\/secureus.se\/?post_type=product&#038;p=115104"},"modified":"2026-01-12T12:25:11","modified_gmt":"2026-01-12T11:25:11","slug":"dorrskylt-crystal-sign-148x105-a6","status":"publish","type":"product","link":"https:\/\/secureus.se\/fi\/dorrskylt-crystal-sign-148x105-a6\/","title":{"rendered":"Ovikyltti CRYSTAL SIGN 148\u00d7105 (A6)"},"content":{"rendered":"<p>Tyylikk\u00e4\u00e4t erimuotoiset ovi- ja sein\u00e4kyltit auttavat vierailijaa orientoitumaan ja kertomaan kuka, mik\u00e4 osasto, toiminto tai kokoustila miss\u00e4kin tiloissa sijaitsee. CRYSTAL SIGN kylttisarja koostuu kahdesta akryylilevyst\u00e4, joissa on himme\u00e4 v\u00e4lilehti teksti\u00e4 varten ja kaikki on kiinnitetty koristeruuveilla. Kyltti ruuvataan kiinni metallisella v\u00e4lilevyll\u00e4, mik\u00e4 tarkoittaa, ett\u00e4 kyltti on 3 cm et\u00e4isyydell\u00e4 sein\u00e4st\u00e4. Mukana porausrei\u00e4n malli, asennusohjeet, 2 himme\u00e4\u00e4 v\u00e4lilevy\u00e4 sek\u00e4 ruuvi ja tulppa. Suunnittele kyltti ilmaisella DURAPRINT\u00ae-ohjelmalla, joka on saatavilla osoitteessa www.duraprint.se. ja tulosta lasertulostimella himme\u00e4lle lis\u00e4arkille mainostaulun kokoisena vaakasuuntaisena A6 (148\u00d7105 mm.)<br \/>\nLis\u00e4varusteet: Himmennetyt t\u00e4ytt\u00f6arkit tuotenumero 483119   <\/p>","protected":false},"excerpt":{"rendered":"<p>Tyylik\u00e4s ja huomaamaton akryylimuovista valmistettu ovikyltti vaaka-A6-muodossa (148x105mm).<\/p>","protected":false},"featured_media":134731,"template":"","meta":{"_acf_changed":false},"product_brand":[],"product_cat":[4264],"product_tag":[4376],"class_list":{"0":"post-115104","1":"product","2":"type-product","3":"status-publish","4":"has-post-thumbnail","6":"product_cat-dorrskyltar-i-akryl","7":"product_tag-transparent","8":"product_shipping_class-tunga-paket","9":"pa_brands-durable","10":"pa_farg-transparent","11":"tm-no-options","13":"first","14":"instock","15":"sale","16":"taxable","17":"shipping-taxable","18":"purchasable","19":"product-type-simple"},"acf":[],"_links":{"self":[{"href":"https:\/\/secureus.se\/fi\/wp-json\/wp\/v2\/product\/115104","targetHints":{"allow":["GET"]}}],"collection":[{"href":"https:\/\/secureus.se\/fi\/wp-json\/wp\/v2\/product"}],"about":[{"href":"https:\/\/secureus.se\/fi\/wp-json\/wp\/v2\/types\/product"}],"wp:featuredmedia":[{"embeddable":true,"href":"https:\/\/secureus.se\/fi\/wp-json\/wp\/v2\/media\/134731"}],"wp:attachment":[{"href":"https:\/\/secureus.se\/fi\/wp-json\/wp\/v2\/media?parent=115104"}],"wp:term":[{"taxonomy":"product_brand","embeddable":true,"href":"https:\/\/secureus.se\/fi\/wp-json\/wp\/v2\/product_brand?post=115104"},{"taxonomy":"product_cat","embeddable":true,"href":"https:\/\/secureus.se\/fi\/wp-json\/wp\/v2\/product_cat?post=115104"},{"taxonomy":"product_tag","embeddable":true,"href":"https:\/\/secureus.se\/fi\/wp-json\/wp\/v2\/product_tag?post=115104"}],"curies":[{"name":"wp","href":"https:\/\/api.w.org\/{rel}","templated":true}]}}