{"id":115106,"date":"2024-11-20T13:58:42","date_gmt":"2024-11-20T12:58:42","guid":{"rendered":"https:\/\/secureus.se\/?post_type=product&#038;p=115106"},"modified":"2026-01-12T12:57:45","modified_gmt":"2026-01-12T11:57:45","slug":"inforam-sjalvhaftande-duraframe-security-a4-2","status":"publish","type":"product","link":"https:\/\/secureus.se\/fi\/inforam-sjalvhaftande-duraframe-security-a4-2\/","title":{"rendered":"Infokehys itseliimautuva DURAFRAME\u00ae SECURITY A4"},"content":{"rendered":"<p>Laita v\u00e4liaikaisia tai pysyv\u00e4mpi\u00e4 turvallisuus- ja varoitustietoja ammattimaisesti, nopeasti ja helposti itsekiinnittyvien DURAFRAME\u00ae SECURITY -tietokehysten avulla. Poista suojapaperi - kiinnit\u00e4 Duraframe - nosta etuosa magneettisuljuksella - laita yksi tai kaksi arkkia - taita etuosa alas - valmis! Helppo asentaa - ilman ty\u00f6kaluja tai muita lis\u00e4varusteita - koville ja sileille pinnoille. Siisti ja helpompi k\u00e4sitell\u00e4 kuin esimerkiksi teippi, niitit tai niitit. Sis\u00e4osa pysyy tukevasti paikallaan sek\u00e4 pysty- ett\u00e4 vaaka-asennossa kaikilla kolmella avattavalla sivulla olevien magneettien ansiosta. Kehys n\u00e4ytt\u00e4\u00e4 samalta edess\u00e4 ja takana, mik\u00e4 on hienoa, kun se asetetaan lasilevyille kaksipuolista viesti\u00e4 varten. Se on irrotettavissa lasilevyist\u00e4. Maalatut, pinnoitetut tai laminoidut pinnat voivat vaurioitua, jos kehys poistetaan.<br \/>\nA4-kokoisille asiakirjoille. Ulkomitat 236\u00d7323 mm. Punainen\/valkoinen v\u00e4rit merkitsev\u00e4t paloturvallisuustietoja turvav\u00e4rien ISO 3864-4 mukaisesti.<br \/>\nPakkauksessa 2 kpl.<\/p>","protected":false},"excerpt":{"rendered":"<p>Itsekiinnittyv\u00e4 infokehys, joka n\u00e4ytt\u00e4\u00e4 t\u00e4rke\u00e4t turvallisuustiedot, huomautukset ja varoitukset siististi. Edess\u00e4 magneettisuljin helpottaa sis\u00e4osien vaihtoa. <\/p>","protected":false},"featured_media":134681,"template":"","meta":{"_acf_changed":false},"product_brand":[],"product_cat":[4296],"product_tag":[4386],"class_list":{"0":"post-115106","1":"product","2":"type-product","3":"status-publish","4":"has-post-thumbnail","6":"product_cat-inforamar-for-slata-ytor","7":"product_tag-gul-svart","8":"product_shipping_class-tunga-paket","9":"pa_brands-durable","10":"pa_farg-gul-svart","11":"tm-no-options","13":"first","14":"instock","15":"sale","16":"taxable","17":"shipping-taxable","18":"purchasable","19":"product-type-simple"},"acf":[],"_links":{"self":[{"href":"https:\/\/secureus.se\/fi\/wp-json\/wp\/v2\/product\/115106","targetHints":{"allow":["GET"]}}],"collection":[{"href":"https:\/\/secureus.se\/fi\/wp-json\/wp\/v2\/product"}],"about":[{"href":"https:\/\/secureus.se\/fi\/wp-json\/wp\/v2\/types\/product"}],"wp:featuredmedia":[{"embeddable":true,"href":"https:\/\/secureus.se\/fi\/wp-json\/wp\/v2\/media\/134681"}],"wp:attachment":[{"href":"https:\/\/secureus.se\/fi\/wp-json\/wp\/v2\/media?parent=115106"}],"wp:term":[{"taxonomy":"product_brand","embeddable":true,"href":"https:\/\/secureus.se\/fi\/wp-json\/wp\/v2\/product_brand?post=115106"},{"taxonomy":"product_cat","embeddable":true,"href":"https:\/\/secureus.se\/fi\/wp-json\/wp\/v2\/product_cat?post=115106"},{"taxonomy":"product_tag","embeddable":true,"href":"https:\/\/secureus.se\/fi\/wp-json\/wp\/v2\/product_tag?post=115106"}],"curies":[{"name":"wp","href":"https:\/\/api.w.org\/{rel}","templated":true}]}}