{"id":115128,"date":"2024-11-20T14:00:49","date_gmt":"2024-11-20T13:00:49","guid":{"rendered":"https:\/\/secureus.se\/?post_type=product&#038;p=115128"},"modified":"2025-12-31T21:27:36","modified_gmt":"2025-12-31T20:27:36","slug":"dorrskylt-info-sign-297x210-a4","status":"publish","type":"product","link":"https:\/\/secureus.se\/fi\/dorrskylt-info-sign-297x210-a4\/","title":{"rendered":"Ovikyltti INFO SIGN 297\u00d7210 (A4)"},"content":{"rendered":"<p>Tyylikk\u00e4\u00e4t erimuotoiset ovi- ja sein\u00e4kyltit auttavat vierailijaa orientoitumaan ja kertomaan kuka, mik\u00e4 osasto, toiminto tai kokoustila miss\u00e4kin tiloissa sijaitsee. INFO SIGN -kylttisarjassa on alumiiniset taka- ja reunalistat. Valkoinen tekstillinen arkki on suojassa heijastamattoman etupaneelin takana, joka liukuu reunalistoihin ja pysyy paikallaan kahdella mustalla kiinnikkeell\u00e4. Mukana tulee porareik\u00e4malli, asennusohjeet, valkoinen v\u00e4lilevy, ruuvi, tulppa ja kiinnitystyynyt. Suunnittele t\u00e4m\u00e4 pystysuora A4-kyltti (297\u00d7210) k\u00e4ytt\u00e4m\u00e4ll\u00e4 ilmaista DURAPRINT\u00ae-ohjelmaa, joka on saatavilla osoitteessa www.duraprint.se. Tulosta A4-arkeille 1 tarra per arkki, joka tilataan erikseen.<br \/>\nLis\u00e4varusteet: A4-arkki tulostukseen lasertulostimella, tuotenumero 485602. <\/p>","protected":false},"excerpt":{"rendered":"<p>Tyylik\u00e4s ovikyltti vaakasuunnassa A4, 297x210mm. Valmistettu alumiinista, heijastamaton etupaneeli akryylimuovista.<\/p>","protected":false},"featured_media":134919,"template":"","meta":{"_acf_changed":false},"product_brand":[],"product_cat":[4265],"product_tag":[4382],"class_list":{"0":"post-115128","1":"product","2":"type-product","3":"status-publish","4":"has-post-thumbnail","6":"product_cat-dorrskyltar-i-alumunium","7":"product_tag-silver","8":"product_shipping_class-tunga-paket","9":"pa_brands-durable","10":"pa_farg-silver","11":"tm-no-options","13":"first","14":"instock","15":"sale","16":"taxable","17":"shipping-taxable","18":"purchasable","19":"product-type-simple"},"acf":[],"_links":{"self":[{"href":"https:\/\/secureus.se\/fi\/wp-json\/wp\/v2\/product\/115128","targetHints":{"allow":["GET"]}}],"collection":[{"href":"https:\/\/secureus.se\/fi\/wp-json\/wp\/v2\/product"}],"about":[{"href":"https:\/\/secureus.se\/fi\/wp-json\/wp\/v2\/types\/product"}],"wp:featuredmedia":[{"embeddable":true,"href":"https:\/\/secureus.se\/fi\/wp-json\/wp\/v2\/media\/134919"}],"wp:attachment":[{"href":"https:\/\/secureus.se\/fi\/wp-json\/wp\/v2\/media?parent=115128"}],"wp:term":[{"taxonomy":"product_brand","embeddable":true,"href":"https:\/\/secureus.se\/fi\/wp-json\/wp\/v2\/product_brand?post=115128"},{"taxonomy":"product_cat","embeddable":true,"href":"https:\/\/secureus.se\/fi\/wp-json\/wp\/v2\/product_cat?post=115128"},{"taxonomy":"product_tag","embeddable":true,"href":"https:\/\/secureus.se\/fi\/wp-json\/wp\/v2\/product_tag?post=115128"}],"curies":[{"name":"wp","href":"https:\/\/api.w.org\/{rel}","templated":true}]}}