{"id":115135,"date":"2024-11-20T14:00:17","date_gmt":"2024-11-20T13:00:17","guid":{"rendered":"https:\/\/secureus.se\/?post_type=product&#038;p=115135"},"modified":"2026-01-12T12:26:06","modified_gmt":"2026-01-12T11:26:06","slug":"inforam-duraframe-sun-a3","status":"publish","type":"product","link":"https:\/\/secureus.se\/fi\/inforam-duraframe-sun-a3\/","title":{"rendered":"Tietokehys DURAFRAME\u00ae SUN A3"},"content":{"rendered":"<p>K\u00e4yt\u00e4 DURAFRAME\u00ae SUN -tietokehyksi\u00e4 esitell\u00e4ksesi ja esitell\u00e4ksesi kampanjatarjouksia, aukioloaikoja, mainoksia jne. ammattimaisesti auringonvalolle alttiina n\u00e4yteikkunassa.<br \/>\nHelppo lis\u00e4t\u00e4 tai vaihtaa viestej\u00e4 nostamalla etuosaa magneettisuljuksella. Helppo asentaa - suihkuta vain v\u00e4h\u00e4n vett\u00e4 sekoitettuna tippa astianpesuainetta takaosaan ja kehys kiinnittyy staattisesti lasin pintaan. Kauniimpaa kuin teippi! Voidaan k\u00e4ytt\u00e4\u00e4 useita kertoja eik\u00e4 j\u00e4t\u00e4 j\u00e4lki\u00e4.<br \/>\nRunko n\u00e4ytt\u00e4\u00e4 samalta edest\u00e4 ja takaa.<br \/>\nL\u00e4mm\u00f6nkest\u00e4v\u00e4 70\u00b0 asti ja UV-kest\u00e4v\u00e4 jopa 2 vuotta.<br \/>\nA3-kokoisille asiakirjoille. Ulkomitat 323\u00d7446 mm.<br \/>\nPakkauksessa 2 kpl.<\/p>","protected":false},"excerpt":{"rendered":"<p>Infokehys, joka kiinnittyy staattisesti lasiruutuihin. Erityyppisille A3-muodossa oleville tiedoille, jotka ovat alttiina auringonvalolle. UV-kest\u00e4v\u00e4 ja l\u00e4mm\u00f6nkest\u00e4v\u00e4.<\/p>","protected":false},"featured_media":134973,"template":"","meta":{"_acf_changed":false},"product_brand":[],"product_cat":[4294],"product_tag":[4381],"class_list":{"0":"post-115135","1":"product","2":"type-product","3":"status-publish","4":"has-post-thumbnail","6":"product_cat-inforamar-for-solexponerade-ytor","7":"product_tag-svart","8":"product_shipping_class-tunga-paket","9":"pa_brands-durable","10":"pa_farg-svart","11":"tm-no-options","13":"first","14":"instock","15":"sale","16":"taxable","17":"shipping-taxable","18":"purchasable","19":"product-type-simple"},"acf":[],"_links":{"self":[{"href":"https:\/\/secureus.se\/fi\/wp-json\/wp\/v2\/product\/115135","targetHints":{"allow":["GET"]}}],"collection":[{"href":"https:\/\/secureus.se\/fi\/wp-json\/wp\/v2\/product"}],"about":[{"href":"https:\/\/secureus.se\/fi\/wp-json\/wp\/v2\/types\/product"}],"wp:featuredmedia":[{"embeddable":true,"href":"https:\/\/secureus.se\/fi\/wp-json\/wp\/v2\/media\/134973"}],"wp:attachment":[{"href":"https:\/\/secureus.se\/fi\/wp-json\/wp\/v2\/media?parent=115135"}],"wp:term":[{"taxonomy":"product_brand","embeddable":true,"href":"https:\/\/secureus.se\/fi\/wp-json\/wp\/v2\/product_brand?post=115135"},{"taxonomy":"product_cat","embeddable":true,"href":"https:\/\/secureus.se\/fi\/wp-json\/wp\/v2\/product_cat?post=115135"},{"taxonomy":"product_tag","embeddable":true,"href":"https:\/\/secureus.se\/fi\/wp-json\/wp\/v2\/product_tag?post=115135"}],"curies":[{"name":"wp","href":"https:\/\/api.w.org\/{rel}","templated":true}]}}