{"id":115136,"date":"2024-11-20T14:11:39","date_gmt":"2024-11-20T13:11:39","guid":{"rendered":"https:\/\/secureus.se\/?post_type=product&#038;p=115136"},"modified":"2026-01-12T12:03:50","modified_gmt":"2026-01-12T11:03:50","slug":"magnetetikett-c-profile-20-50-pack","status":"publish","type":"product","link":"https:\/\/secureus.se\/fi\/magnetetikett-c-profile-20-50-pack\/","title":{"rendered":"Magneettitarra C-PROFIILI 20 50 kpl"},"content":{"rendered":"<p>Magneettinen etikettipidike sis. etiketti ja l\u00e4pin\u00e4kyv\u00e4 muovi, joka suojaa lialta. Merkint\u00e4\u00e4n ja skannaukseen esim. hintojen ja viivakoodien hyllyjen reunoihin, lavahyllyihin, kaappeihin, pukukaappeihin ja metallilaatikoihin. Helppo siirt\u00e4\u00e4, kun tavarat vaihtavat varastopaikkaa, jotta merkinn\u00e4t ovat aina ajan tasalla. Ilmaisia malleja tyylikk\u00e4iden tarrojen suunnitteluun ja tulostamiseen on saatavilla osoitteessa www.duraprint.se.<br \/>\nMitat: 200 x 20 mm (P x K)<br \/>\nLis\u00e4varusteet:<br \/>\nLis\u00e4tarrat A5-arkeille tulostettaviksi tulostimella, tuotenro 800002.<\/p>","protected":false},"excerpt":{"rendered":"<p>Magneettinen etikettipidike valkoisilla etiketeill\u00e4 ja l\u00e4pin\u00e4kyv\u00e4ll\u00e4 suojamuovilla. Kirjoituskorkeus 2 cm, pituus 20 cm.<\/p>","protected":false},"featured_media":133680,"template":"","meta":{"_acf_changed":false},"product_brand":[],"product_cat":[4269],"product_tag":[4390],"class_list":{"0":"post-115136","1":"product","2":"type-product","3":"status-publish","4":"has-post-thumbnail","6":"product_cat-magnetisk-fastsattning","7":"product_tag-morkgra","8":"product_shipping_class-tunga-paket","9":"pa_brands-durable","10":"pa_farg-morkgra","11":"tm-no-options","13":"first","14":"instock","15":"sale","16":"taxable","17":"shipping-taxable","18":"purchasable","19":"product-type-simple"},"acf":[],"_links":{"self":[{"href":"https:\/\/secureus.se\/fi\/wp-json\/wp\/v2\/product\/115136","targetHints":{"allow":["GET"]}}],"collection":[{"href":"https:\/\/secureus.se\/fi\/wp-json\/wp\/v2\/product"}],"about":[{"href":"https:\/\/secureus.se\/fi\/wp-json\/wp\/v2\/types\/product"}],"wp:featuredmedia":[{"embeddable":true,"href":"https:\/\/secureus.se\/fi\/wp-json\/wp\/v2\/media\/133680"}],"wp:attachment":[{"href":"https:\/\/secureus.se\/fi\/wp-json\/wp\/v2\/media?parent=115136"}],"wp:term":[{"taxonomy":"product_brand","embeddable":true,"href":"https:\/\/secureus.se\/fi\/wp-json\/wp\/v2\/product_brand?post=115136"},{"taxonomy":"product_cat","embeddable":true,"href":"https:\/\/secureus.se\/fi\/wp-json\/wp\/v2\/product_cat?post=115136"},{"taxonomy":"product_tag","embeddable":true,"href":"https:\/\/secureus.se\/fi\/wp-json\/wp\/v2\/product_tag?post=115136"}],"curies":[{"name":"wp","href":"https:\/\/api.w.org\/{rel}","templated":true}]}}