{"id":115164,"date":"2024-11-20T14:00:17","date_gmt":"2024-11-20T13:00:17","guid":{"rendered":"https:\/\/secureus.se\/?post_type=product&#038;p=115164"},"modified":"2026-01-12T12:25:12","modified_gmt":"2026-01-12T11:25:12","slug":"inforam-duraframe-wallpaper-a3-2","status":"publish","type":"product","link":"https:\/\/secureus.se\/fi\/inforam-duraframe-wallpaper-a3-2\/","title":{"rendered":"Infokehys DURAFRAME\u00ae WALLPAPER A3"},"content":{"rendered":"<p>K\u00e4yt\u00e4 itseliimautuvia DURAFRAME\u00ae WALLPAPER -tietokehyksi\u00e4 kampanjatarjousten, aukioloaikojen, kylttien ja muiden v\u00e4liaikaisten tai pysyv\u00e4mpien tietojen n\u00e4ytt\u00e4miseen ja esittelyyn ammattimaisesti. Voidaan asentaa herkille pinnoille, kuten tapetti, puu ja useimmat muovipinnat itsekiinnittyvien liimaliuskojen avulla.<br \/>\nHelppo lis\u00e4t\u00e4 tai vaihtaa viestej\u00e4 nostamalla etuosaa magneettisuljuksella. DURAFRAME\u00ae WALLPAPER voidaan poistaa j\u00e4tt\u00e4m\u00e4tt\u00e4 j\u00e4lki\u00e4 tai vahingoittamatta alustaa pakkauksen ohjeiden ja kehyksen symbolien mukaisesti. Vaihtosarja, jossa on 4 liimanauhaa.<br \/>\nA3-kokoisille asiakirjoille. Ulkomitat 323\u00d7446 mm.<br \/>\nPakkauksessa 1 kpl.<\/p>","protected":false},"excerpt":{"rendered":"<p>Helppok\u00e4ytt\u00f6inen, itseliimautuva infokehys erityyppisille tiedoille kiinnitett\u00e4v\u00e4ksi herkille alustoille, esim. A3-kokoisille asiakirjoille. avattavalla magneettikehyksell\u00e4 A4-kokoon. Kiinnitet\u00e4\u00e4n tarranauhalla, joka toimii herkill\u00e4 pinnoilla, kuten tapetilla jne. <\/p>","protected":false},"featured_media":134664,"template":"","meta":{"_acf_changed":false},"product_brand":[],"product_cat":[4292],"product_tag":[4381],"class_list":{"0":"post-115164","1":"product","2":"type-product","3":"status-publish","4":"has-post-thumbnail","6":"product_cat-inforamar-for-kansliga-ytor","7":"product_tag-svart","8":"product_shipping_class-tunga-paket","9":"pa_brands-durable","10":"pa_farg-svart","11":"tm-no-options","13":"first","14":"instock","15":"sale","16":"taxable","17":"shipping-taxable","18":"purchasable","19":"product-type-simple"},"acf":[],"_links":{"self":[{"href":"https:\/\/secureus.se\/fi\/wp-json\/wp\/v2\/product\/115164","targetHints":{"allow":["GET"]}}],"collection":[{"href":"https:\/\/secureus.se\/fi\/wp-json\/wp\/v2\/product"}],"about":[{"href":"https:\/\/secureus.se\/fi\/wp-json\/wp\/v2\/types\/product"}],"wp:featuredmedia":[{"embeddable":true,"href":"https:\/\/secureus.se\/fi\/wp-json\/wp\/v2\/media\/134664"}],"wp:attachment":[{"href":"https:\/\/secureus.se\/fi\/wp-json\/wp\/v2\/media?parent=115164"}],"wp:term":[{"taxonomy":"product_brand","embeddable":true,"href":"https:\/\/secureus.se\/fi\/wp-json\/wp\/v2\/product_brand?post=115164"},{"taxonomy":"product_cat","embeddable":true,"href":"https:\/\/secureus.se\/fi\/wp-json\/wp\/v2\/product_cat?post=115164"},{"taxonomy":"product_tag","embeddable":true,"href":"https:\/\/secureus.se\/fi\/wp-json\/wp\/v2\/product_tag?post=115164"}],"curies":[{"name":"wp","href":"https:\/\/api.w.org\/{rel}","templated":true}]}}