{"id":115178,"date":"2024-11-20T13:56:39","date_gmt":"2024-11-20T12:56:39","guid":{"rendered":"https:\/\/secureus.se\/?post_type=product&#038;p=115178"},"modified":"2026-03-11T14:46:17","modified_gmt":"2026-03-11T13:46:17","slug":"golvskylt-info-stand-basic-a4","status":"publish","type":"product","link":"https:\/\/secureus.se\/fi\/golvskylt-info-stand-basic-a4\/","title":{"rendered":"Lattiakyltti Infoteline BASIC A4"},"content":{"rendered":"<p>Lattiakyltit tiedottavat ja suuntaavat vierailijoita ja sopivat erinomaisesti sis\u00e4\u00e4nk\u00e4yntien, vastaanoton, n\u00e4yttelyiden ja muiden paikkojen sijoitukseen. INFO STAND BASIC -kylttisarjassa on kaksi magneettikehyst\u00e4, jotka on kiinnitetty keskelt\u00e4 metallilevyyn ja siten molemmin puolin tietoja on helppo vaihtaa. Lattiateline koostuu raskaasta ja vakaasta kumijaloilla varustetusta jalusta, alumiinitelineest\u00e4 ja kyltist\u00e4, joka voidaan asettaa vaaka- tai pystymuotoon ilman ty\u00f6kaluja.<br \/>\nSuunnittele kyltti ilmaisella DURAPRINT\u00ae-ohjelmalla, joka on saatavilla osoitteessa www.duraprint.se.<br \/>\nMukana 2 mustaa DURAFRAME\u00ae MAGNETIC A4 -kehyst\u00e4, asennussarja ja ohjeet. R\u00e4\u00e4t\u00e4l\u00f6i lattiakyltti ostamalla eri v\u00e4risi\u00e4 kehyksi\u00e4, esim. yrityksen logon v\u00e4ri\u00e4.<br \/>\nMitat pystykilven: 1315x305x305 mm (K x L x S), mitat vaakakyltin: 1252x323x305 mm (K x L x S)<br \/>\nLis\u00e4varusteet: DURAFRAME\u00ae MAGNETIC A4-kehykset muissa v\u00e4reiss\u00e4, tuotenro 4869xx<\/p>","protected":false},"excerpt":{"rendered":"<p>Lattiakyltti mustalla magneettikehyksell\u00e4 molemmilla puolilla. A4-kokoisille kylteille.<\/p>","protected":false},"featured_media":134861,"template":"","meta":{"_acf_changed":false},"product_brand":[],"product_cat":[4304],"product_tag":[4394],"class_list":{"0":"post-115178","1":"product","2":"type-product","3":"status-publish","4":"has-post-thumbnail","6":"product_cat-broschyrstall-golvstativ","7":"product_tag-antracitgra","8":"product_shipping_class-tunga-paket","9":"pa_brands-durable","10":"pa_farg-antracitgra","11":"tm-no-options","13":"first","14":"instock","15":"sale","16":"taxable","17":"shipping-taxable","18":"purchasable","19":"product-type-simple"},"acf":[],"_links":{"self":[{"href":"https:\/\/secureus.se\/fi\/wp-json\/wp\/v2\/product\/115178","targetHints":{"allow":["GET"]}}],"collection":[{"href":"https:\/\/secureus.se\/fi\/wp-json\/wp\/v2\/product"}],"about":[{"href":"https:\/\/secureus.se\/fi\/wp-json\/wp\/v2\/types\/product"}],"wp:featuredmedia":[{"embeddable":true,"href":"https:\/\/secureus.se\/fi\/wp-json\/wp\/v2\/media\/134861"}],"wp:attachment":[{"href":"https:\/\/secureus.se\/fi\/wp-json\/wp\/v2\/media?parent=115178"}],"wp:term":[{"taxonomy":"product_brand","embeddable":true,"href":"https:\/\/secureus.se\/fi\/wp-json\/wp\/v2\/product_brand?post=115178"},{"taxonomy":"product_cat","embeddable":true,"href":"https:\/\/secureus.se\/fi\/wp-json\/wp\/v2\/product_cat?post=115178"},{"taxonomy":"product_tag","embeddable":true,"href":"https:\/\/secureus.se\/fi\/wp-json\/wp\/v2\/product_tag?post=115178"}],"curies":[{"name":"wp","href":"https:\/\/api.w.org\/{rel}","templated":true}]}}