{"id":115193,"date":"2024-11-20T14:12:52","date_gmt":"2024-11-20T13:12:52","guid":{"rendered":"https:\/\/secureus.se\/?post_type=product&#038;p=115193"},"modified":"2026-01-12T12:46:42","modified_gmt":"2026-01-12T11:46:42","slug":"namnskylt-60x90-halsband","status":"publish","type":"product","link":"https:\/\/secureus.se\/fi\/namnskylt-60x90-halsband\/","title":{"rendered":"Nimikilpi 60\u00d790, kaulakoru"},"content":{"rendered":"<p>Konferenssin osallistujat, yritysten vierailijat, henkil\u00f6kunta messuilla, myym\u00e4l\u00f6iss\u00e4, palveluammatit ja myyj\u00e4t - listaa voi laajentaa sinne, miss\u00e4 tarvitaan erikokoisia, -mallisia ja -kiinnitysvaihtoehtoja. T\u00e4m\u00e4 vaakasuuntainen nimikyltti 60x90mm toimitetaan t\u00e4ydellisen\u00e4 1 cm leve\u00e4n ja 88 cm pitk\u00e4n tekstiilikaulaketjun kanssa turvalukolla. Leikattu etuosa helpottaa, jos kortti on vaihdettava suhteellisen usein. Mukana tulevat valkoiset etiketit nauhana. Tarrat A4-arkeille tulostettaviksi tulostimiin voidaan tilata erikseen. K\u00e4yt\u00e4 ilmaista DURAPRINT\u00ae-ohjelmaa osoitteesta www.duraprint.se luodaksesi ja tulostaaksesi tyylikk\u00e4it\u00e4 nimitarroja.<br \/>\nLis\u00e4varusteet:<br \/>\nBadgemaker\u00ae-tarrat A4-arkeille tulostettaviksi tulostimella, tuotenro 145602 <\/p>","protected":false},"excerpt":{"rendered":"<p>Riippuva vaakasuuntainen nimikilpi 60x90mm kapealla tekstiilikuuluksella. Edess\u00e4 leikkaus helpottaa kortin vaihtoa. 10 kpl\/laatikko<\/p>","protected":false},"featured_media":134630,"template":"","meta":{"_acf_changed":false},"product_brand":[],"product_cat":[4283],"product_tag":[4381],"class_list":{"0":"post-115193","1":"product","2":"type-product","3":"status-publish","4":"has-post-thumbnail","6":"product_cat-namnskyltar-med-nyckelband","7":"product_tag-svart","8":"product_shipping_class-tunga-paket","9":"pa_brands-durable","10":"pa_farg-svart","11":"tm-no-options","13":"first","14":"instock","15":"sale","16":"taxable","17":"shipping-taxable","18":"purchasable","19":"product-type-simple"},"acf":[],"_links":{"self":[{"href":"https:\/\/secureus.se\/fi\/wp-json\/wp\/v2\/product\/115193","targetHints":{"allow":["GET"]}}],"collection":[{"href":"https:\/\/secureus.se\/fi\/wp-json\/wp\/v2\/product"}],"about":[{"href":"https:\/\/secureus.se\/fi\/wp-json\/wp\/v2\/types\/product"}],"wp:featuredmedia":[{"embeddable":true,"href":"https:\/\/secureus.se\/fi\/wp-json\/wp\/v2\/media\/134630"}],"wp:attachment":[{"href":"https:\/\/secureus.se\/fi\/wp-json\/wp\/v2\/media?parent=115193"}],"wp:term":[{"taxonomy":"product_brand","embeddable":true,"href":"https:\/\/secureus.se\/fi\/wp-json\/wp\/v2\/product_brand?post=115193"},{"taxonomy":"product_cat","embeddable":true,"href":"https:\/\/secureus.se\/fi\/wp-json\/wp\/v2\/product_cat?post=115193"},{"taxonomy":"product_tag","embeddable":true,"href":"https:\/\/secureus.se\/fi\/wp-json\/wp\/v2\/product_tag?post=115193"}],"curies":[{"name":"wp","href":"https:\/\/api.w.org\/{rel}","templated":true}]}}