{"id":115206,"date":"2024-11-20T14:40:31","date_gmt":"2024-11-20T13:40:31","guid":{"rendered":"https:\/\/secureus.se\/?post_type=product&#038;p=115206"},"modified":"2026-01-12T12:51:28","modified_gmt":"2026-01-12T11:51:28","slug":"id-korthallare-outdoor-secure-armbindel-for-1-kort","status":"publish","type":"product","link":"https:\/\/secureus.se\/fi\/id-korthallare-outdoor-secure-armbindel-for-1-kort\/","title":{"rendered":"Henkil\u00f6korttipidike OUTDOOR SECURE k\u00e4sivarsinauha 1 kortille"},"content":{"rendered":"<p>Suojaa henkil\u00f6kortti, valtuutuskortti tai kulkukortti k\u00e4ytt\u00e4m\u00e4ll\u00e4 sovitetulla muotoilulla ja kiinnityksell\u00e4 varustettua korttitelinett\u00e4 - niin, ett\u00e4 kortti on aina tukevasti paikoillaan olematta poissa tielt\u00e4, mutta silti helposti saatavilla. S\u00e4\u00e4dett\u00e4v\u00e4 k\u00e4sivarsinauha 7-18 cm korttitelineell\u00e4, joka kest\u00e4\u00e4 -20\u00b0C, joten se sopii hyvin ulkok\u00e4ytt\u00f6\u00f6n n. 54x86mm.<\/p>","protected":false},"excerpt":{"rendered":"<p>K\u00e4sivarsinauha korttitelineell\u00e4 1 vaakasuuntaiselle henkil\u00f6kortille vakiomuodossa. 10 kpl\/laatikko<\/p>","protected":false},"featured_media":133187,"template":"","meta":{"_acf_changed":false},"product_brand":[],"product_cat":[1671],"product_tag":[4376],"class_list":{"0":"post-115206","1":"product","2":"type-product","3":"status-publish","4":"has-post-thumbnail","6":"product_cat-korthallare-for-arbetsplagg","7":"product_tag-transparent","8":"product_shipping_class-tunga-paket","9":"pa_brands-durable","10":"pa_farg-transparent","11":"tm-no-options","13":"first","14":"instock","15":"sale","16":"taxable","17":"shipping-taxable","18":"purchasable","19":"product-type-simple"},"acf":[],"_links":{"self":[{"href":"https:\/\/secureus.se\/fi\/wp-json\/wp\/v2\/product\/115206","targetHints":{"allow":["GET"]}}],"collection":[{"href":"https:\/\/secureus.se\/fi\/wp-json\/wp\/v2\/product"}],"about":[{"href":"https:\/\/secureus.se\/fi\/wp-json\/wp\/v2\/types\/product"}],"wp:featuredmedia":[{"embeddable":true,"href":"https:\/\/secureus.se\/fi\/wp-json\/wp\/v2\/media\/133187"}],"wp:attachment":[{"href":"https:\/\/secureus.se\/fi\/wp-json\/wp\/v2\/media?parent=115206"}],"wp:term":[{"taxonomy":"product_brand","embeddable":true,"href":"https:\/\/secureus.se\/fi\/wp-json\/wp\/v2\/product_brand?post=115206"},{"taxonomy":"product_cat","embeddable":true,"href":"https:\/\/secureus.se\/fi\/wp-json\/wp\/v2\/product_cat?post=115206"},{"taxonomy":"product_tag","embeddable":true,"href":"https:\/\/secureus.se\/fi\/wp-json\/wp\/v2\/product_tag?post=115206"}],"curies":[{"name":"wp","href":"https:\/\/api.w.org\/{rel}","templated":true}]}}