{"id":115218,"date":"2024-11-05T18:45:57","date_gmt":"2024-11-05T17:45:57","guid":{"rendered":"https:\/\/secureus.se\/?post_type=product&#038;p=115218"},"modified":"2026-01-12T12:25:31","modified_gmt":"2026-01-12T11:25:31","slug":"crystal-sign-210x297-a4-staende-refill","status":"publish","type":"product","link":"https:\/\/secureus.se\/fi\/crystal-sign-210x297-a4-staende-refill\/","title":{"rendered":"CRYSTAL SIGN 210\u00d7297 (A4 muotokuva) t\u00e4ytt\u00f6"},"content":{"rendered":"<p>Huurretut arkit soveltuvat kyltille CRYSTAL SIGN 4825 ja lattiakyltille 4818, pystysuora A4-koko (210x297mm). Suunnittele kyltti ilmaisella DURAPRINT\u00ae-ohjelmalla, joka on saatavilla osoitteesta www.duraprint.se, ja tulosta lasertulostimella himme\u00e4lle arkille. Pakkaus sis\u00e4lt\u00e4\u00e4 10 arkkia ja 1 kylttiliite\/arkki. Lakanat ovat rei&#039;itettyj\u00e4 ja helppo repi\u00e4 pois.<\/p>","protected":false},"excerpt":{"rendered":"<p>10 huurrettua lis\u00e4osaa kyltille CRYSTAL SIGN 4825 ja lattiakyltille 4818 pystysuunnassa A4 (210x297mm).<\/p>","protected":false},"featured_media":135269,"template":"","meta":{"_acf_changed":false},"product_brand":[],"product_cat":[4264],"product_tag":[4376],"class_list":{"0":"post-115218","1":"product","2":"type-product","3":"status-publish","4":"has-post-thumbnail","6":"product_cat-dorrskyltar-i-akryl","7":"product_tag-transparent","8":"product_shipping_class-tunga-paket","9":"pa_brands-durable","10":"pa_farg-transparent","11":"tm-no-options","13":"first","14":"instock","15":"sale","16":"taxable","17":"shipping-taxable","18":"purchasable","19":"product-type-simple"},"acf":[],"_links":{"self":[{"href":"https:\/\/secureus.se\/fi\/wp-json\/wp\/v2\/product\/115218","targetHints":{"allow":["GET"]}}],"collection":[{"href":"https:\/\/secureus.se\/fi\/wp-json\/wp\/v2\/product"}],"about":[{"href":"https:\/\/secureus.se\/fi\/wp-json\/wp\/v2\/types\/product"}],"wp:featuredmedia":[{"embeddable":true,"href":"https:\/\/secureus.se\/fi\/wp-json\/wp\/v2\/media\/135269"}],"wp:attachment":[{"href":"https:\/\/secureus.se\/fi\/wp-json\/wp\/v2\/media?parent=115218"}],"wp:term":[{"taxonomy":"product_brand","embeddable":true,"href":"https:\/\/secureus.se\/fi\/wp-json\/wp\/v2\/product_brand?post=115218"},{"taxonomy":"product_cat","embeddable":true,"href":"https:\/\/secureus.se\/fi\/wp-json\/wp\/v2\/product_cat?post=115218"},{"taxonomy":"product_tag","embeddable":true,"href":"https:\/\/secureus.se\/fi\/wp-json\/wp\/v2\/product_tag?post=115218"}],"curies":[{"name":"wp","href":"https:\/\/api.w.org\/{rel}","templated":true}]}}