{"id":115232,"date":"2024-11-20T14:04:21","date_gmt":"2024-11-20T13:04:21","guid":{"rendered":"https:\/\/secureus.se\/?post_type=product&#038;p=115232"},"modified":"2026-01-12T12:09:32","modified_gmt":"2026-01-12T11:09:32","slug":"forsta-hjalpen-skap-first-aid-box-medium-tom","status":"publish","type":"product","link":"https:\/\/secureus.se\/fi\/forsta-hjalpen-skap-first-aid-box-medium-tom\/","title":{"rendered":"Ensiapukaappi FIRST AID BOX Keskikokoinen (tyhj\u00e4)"},"content":{"rendered":"<p>Ker\u00e4\u00e4 ensiaputarvikkeet, p\u00e4\u00e4ns\u00e4rkytabletit ja vastaavat yhteen paikkaan, jotta ne ovat helposti saatavilla tarvittaessa. Suunniteltu alumiininen ensiapukaappi, jossa on kaksi py\u00f6riv\u00e4\u00e4 lokeroa, jotka voidaan t\u00e4ytt\u00e4\u00e4 tarpeen mukaan. Mukana tulevat ruuvit ja tulpat sein\u00e4kiinnityst\u00e4 varten sek\u00e4 itseliimautuva ensiapukyltti. Sylinterilukko ja kaksi avainta tekev\u00e4t kaapista lukittavan. Mitat: 28x30x12cm KxLxS.<br \/>\nTarvikkeet: Sidontatarvikesarja, tuotenro 197200<\/p>","protected":false},"excerpt":{"rendered":"<p>Alumiininen ensiapukaappi kahdella lokerolla.<\/p>","protected":false},"featured_media":155438,"template":"","meta":{"_acf_changed":false},"product_brand":[],"product_cat":[1573],"product_tag":[4382],"class_list":{"0":"post-115232","1":"product","2":"type-product","3":"status-publish","4":"has-post-thumbnail","6":"product_cat-forsta-hjalpen","7":"product_tag-silver","8":"product_shipping_class-tunga-paket","9":"pa_brands-durable","10":"pa_farg-silver","11":"tm-no-options","13":"first","14":"instock","15":"sale","16":"taxable","17":"shipping-taxable","18":"purchasable","19":"product-type-simple"},"acf":[],"_links":{"self":[{"href":"https:\/\/secureus.se\/fi\/wp-json\/wp\/v2\/product\/115232","targetHints":{"allow":["GET"]}}],"collection":[{"href":"https:\/\/secureus.se\/fi\/wp-json\/wp\/v2\/product"}],"about":[{"href":"https:\/\/secureus.se\/fi\/wp-json\/wp\/v2\/types\/product"}],"wp:featuredmedia":[{"embeddable":true,"href":"https:\/\/secureus.se\/fi\/wp-json\/wp\/v2\/media\/155438"}],"wp:attachment":[{"href":"https:\/\/secureus.se\/fi\/wp-json\/wp\/v2\/media?parent=115232"}],"wp:term":[{"taxonomy":"product_brand","embeddable":true,"href":"https:\/\/secureus.se\/fi\/wp-json\/wp\/v2\/product_brand?post=115232"},{"taxonomy":"product_cat","embeddable":true,"href":"https:\/\/secureus.se\/fi\/wp-json\/wp\/v2\/product_cat?post=115232"},{"taxonomy":"product_tag","embeddable":true,"href":"https:\/\/secureus.se\/fi\/wp-json\/wp\/v2\/product_tag?post=115232"}],"curies":[{"name":"wp","href":"https:\/\/api.w.org\/{rel}","templated":true}]}}